{"id":2161,"date":"2021-05-18T10:35:59","date_gmt":"2021-05-18T08:35:59","guid":{"rendered":"https:\/\/why3c.fr\/?page_id=2161"},"modified":"2023-05-13T08:17:12","modified_gmt":"2023-05-13T06:17:12","slug":"origine-de-why-3c","status":"publish","type":"page","link":"https:\/\/why3c.fr\/index.php\/origine-de-why-3c\/","title":{"rendered":"Origine de WHY 3C"},"content":{"rendered":"\t\t<div data-elementor-type=\"wp-page\" data-elementor-id=\"2161\" class=\"elementor elementor-2161\" data-elementor-settings=\"[]\">\n\t\t\t\t\t\t<div class=\"elementor-inner\">\n\t\t\t\t\t\t\t<div class=\"elementor-section-wrap\">\n\t\t\t\t\t\t\t<section class=\"elementor-section elementor-top-section elementor-element elementor-element-6ce2234 elementor-section-boxed elementor-section-height-default elementor-section-height-default\" data-id=\"6ce2234\" data-element_type=\"section\">\n\t\t\t\t\t\t<div class=\"elementor-container elementor-column-gap-default\">\n\t\t\t\t\t\t\t<div class=\"elementor-row\">\n\t\t\t\t\t<div class=\"elementor-column elementor-col-100 elementor-top-column elementor-element elementor-element-82c8a60\" data-id=\"82c8a60\" data-element_type=\"column\">\n\t\t\t<div class=\"elementor-column-wrap elementor-element-populated\">\n\t\t\t\t\t\t\t<div class=\"elementor-widget-wrap\">\n\t\t\t\t\t\t<div class=\"elementor-element elementor-element-46a8455 elementor-widget elementor-widget-heading\" data-id=\"46a8455\" data-element_type=\"widget\" data-widget_type=\"heading.default\">\n\t\t\t\t<div class=\"elementor-widget-container\">\n\t\t\t<h2 class=\"elementor-heading-title elementor-size-default\">POURQUOI AVOIR CREE WHY3C ? <br>Etre Acteur d'un monde meilleur<\/h2>\t\t<\/div>\n\t\t\t\t<\/div>\n\t\t\t\t\t\t<\/div>\n\t\t\t\t\t<\/div>\n\t\t<\/div>\n\t\t\t\t\t\t\t\t<\/div>\n\t\t\t\t\t<\/div>\n\t\t<\/section>\n\t\t\t\t<section class=\"elementor-section elementor-top-section elementor-element elementor-element-260246c elementor-section-boxed elementor-section-height-default elementor-section-height-default\" data-id=\"260246c\" data-element_type=\"section\">\n\t\t\t\t\t\t<div class=\"elementor-container elementor-column-gap-default\">\n\t\t\t\t\t\t\t<div class=\"elementor-row\">\n\t\t\t\t\t<div class=\"elementor-column elementor-col-100 elementor-top-column elementor-element elementor-element-67e8699\" data-id=\"67e8699\" data-element_type=\"column\">\n\t\t\t<div class=\"elementor-column-wrap elementor-element-populated\">\n\t\t\t\t\t\t\t<div class=\"elementor-widget-wrap\">\n\t\t\t\t\t\t<div class=\"elementor-element elementor-element-3659f4e elementor-widget elementor-widget-heading\" data-id=\"3659f4e\" data-element_type=\"widget\" data-widget_type=\"heading.default\">\n\t\t\t\t<div class=\"elementor-widget-container\">\n\t\t\t<h2 class=\"elementor-heading-title elementor-size-default\"><span style=\"color: var( --e-global-color-text ); font-family: Roboto, sans-serif; font-size: 42px; font-style: normal; font-variant-ligatures: normal; font-variant-caps: normal; font-weight: 600;\">Trois constats ont nourri le projet<\/span><\/h2>\t\t<\/div>\n\t\t\t\t<\/div>\n\t\t\t\t\t\t<\/div>\n\t\t\t\t\t<\/div>\n\t\t<\/div>\n\t\t\t\t\t\t\t\t<\/div>\n\t\t\t\t\t<\/div>\n\t\t<\/section>\n\t\t\t\t<section class=\"elementor-section elementor-top-section elementor-element elementor-element-7460937 elementor-section-boxed elementor-section-height-default elementor-section-height-default\" data-id=\"7460937\" data-element_type=\"section\">\n\t\t\t\t\t\t<div class=\"elementor-container elementor-column-gap-default\">\n\t\t\t\t\t\t\t<div class=\"elementor-row\">\n\t\t\t\t\t<div class=\"elementor-column elementor-col-33 elementor-top-column elementor-element elementor-element-3facf06\" data-id=\"3facf06\" data-element_type=\"column\">\n\t\t\t<div class=\"elementor-column-wrap elementor-element-populated\">\n\t\t\t\t\t\t\t<div class=\"elementor-widget-wrap\">\n\t\t\t\t\t\t<div class=\"elementor-element elementor-element-3972e0e elementor-widget elementor-widget-text-editor\" data-id=\"3972e0e\" data-element_type=\"widget\" data-widget_type=\"text-editor.default\">\n\t\t\t\t<div class=\"elementor-widget-container\">\n\t\t\t\t\t<div class=\"elementor-text-editor elementor-clearfix\"><h5>DES ENTREPRENEURS ET PORTEURS DE PROJETS EN QUESTIONNEMENT FACE AUX ENJEUX SOCIETAUX ET DESIREUX DE CONTRIBUER AU CHANGEMENT<\/h5><p><img src=\"https:\/\/cdn.pixabay.com\/photo\/2018\/01\/14\/23\/08\/thinking-3082823__340.jpg\" alt=\"La Pens\u00e9e, Jeune, Femme, Portrait\" \/><\/p><p>R\u00e9pondre aux d\u00e9fis environnementaux par l&#8217;entreprise en cr\u00e9ant des projets responsables et durables, plus territorialis\u00e9s qui correspondent aux besoins locaux et soient respectueux des populations et territoires. R\u00e9pondre aux d\u00e9fis sociaux et soci\u00e9taux en menant des projets transg\u00e9n\u00e9rationnels en passant de l&#8217;exclusion \u00e0 l&#8217;inclusion et en \u00e9tant tout simplement une entreprise Citoyenne par et pour la vie de la CITE.<\/p><h6>Oui mais concr\u00e8tement on fait comment?<\/h6><p>WHY3C apporte des r\u00e9ponses pour ces entreprises et porteurs de projets afin de les accompagner dans la r\u00e9flexion et lamise en oeuvre de ces projets de sens.\u00a0<\/p><\/div>\n\t\t\t\t<\/div>\n\t\t\t\t<\/div>\n\t\t\t\t\t\t<\/div>\n\t\t\t\t\t<\/div>\n\t\t<\/div>\n\t\t\t\t<div class=\"elementor-column elementor-col-33 elementor-top-column elementor-element elementor-element-a3b1854\" data-id=\"a3b1854\" data-element_type=\"column\">\n\t\t\t<div class=\"elementor-column-wrap elementor-element-populated\">\n\t\t\t\t\t\t\t<div class=\"elementor-widget-wrap\">\n\t\t\t\t\t\t<div class=\"elementor-element elementor-element-3e80914 elementor-widget elementor-widget-text-editor\" data-id=\"3e80914\" data-element_type=\"widget\" data-widget_type=\"text-editor.default\">\n\t\t\t\t<div class=\"elementor-widget-container\">\n\t\t\t\t\t<div class=\"elementor-text-editor elementor-clearfix\"><p>78% des \u00e9tudiants d\u00e9clarent souhaiter \u00eatre utile \u00e0 la Soci\u00e9t\u00e9 dans le rapport INSEEC 2019. Soucieux de bien faire et ayant esp\u00e9rance en l&#8217;avenir, ils sont parfois d\u00e9sabus\u00e9s et perdus dans une soci\u00e9t\u00e9 en crise. Il y a donc une forte demande des \u00e9tudiants \u00e0 les accompagner dans la construction d&#8217;un avenir responsable et durable qui ait du sens pour eux et qui puisse \u00eatre utile \u00e0 la soci\u00e9t\u00e9. De m\u00eame 50% trouvent que le syst\u00e8me d&#8217;\u00e9ducation ne les forment pas \u00e0 ces besoins d&#8217;innovations. Dans un monde globalis\u00e9 les Ecoles sont contraintes par des standards internationaux et ont parfois bien des difficult\u00e9s \u00e0 concilier crit\u00e8res d&#8217;accr\u00e9ditations et sens dans l&#8217;action de formation par et pour le territoire.<\/p><h5>DES ETUDIANTS QUI VEULENT ETRE UTILES A LA SOCIETE MAIS QUI VOUDRAIENT BIEN SAVOIR COMMENT<\/h5><p><img src=\"https:\/\/cdn.pixabay.com\/photo\/2017\/08\/16\/22\/30\/looking-2649323__340.jpg\" alt=\"\u00c0 La Recherche, Personne, Voir, Avenir\" \/><\/p><\/div>\n\t\t\t\t<\/div>\n\t\t\t\t<\/div>\n\t\t\t\t\t\t<\/div>\n\t\t\t\t\t<\/div>\n\t\t<\/div>\n\t\t\t\t<div class=\"elementor-column elementor-col-33 elementor-top-column elementor-element elementor-element-ecaec2e\" data-id=\"ecaec2e\" data-element_type=\"column\">\n\t\t\t<div class=\"elementor-column-wrap elementor-element-populated\">\n\t\t\t\t\t\t\t<div class=\"elementor-widget-wrap\">\n\t\t\t\t\t\t<div class=\"elementor-element elementor-element-a21722e elementor-widget elementor-widget-text-editor\" data-id=\"a21722e\" data-element_type=\"widget\" data-widget_type=\"text-editor.default\">\n\t\t\t\t<div class=\"elementor-widget-container\">\n\t\t\t\t\t<div class=\"elementor-text-editor elementor-clearfix\"><p><img src=\"https:\/\/cdn.pixabay.com\/photo\/2017\/08\/16\/22\/28\/pointing-2649315__340.jpg\" alt=\"Pointage, Montrant, Femme, Direction\" \/><\/p><h5>DES INDIVIDUS QUI ONT BESOIN DE DONNER DU SENS\u00a0 A CE QU&#8217;ILS FONT PLUS QUE JAMAIS<\/h5><p>70% des cadres veulent &#8220;redonner du sens \u00e0 leurs actions et se sentir plus utiles&#8221; selon l&#8217;\u00e9tude Nouvelle vie pro de 2019. 37% ont pass\u00e9 le cap, malheureusement on constate que seulement la moiti\u00e9 d&#8217;entre eux ont pu choisir une activit\u00e9 o\u00f9 ils se sentent en phase avec eux-m\u00eame. Pour 31%, ils ne se sentent pas accompagn\u00e9s pour prendre ce virage. Au-del\u00e0 des cadres, on note une d\u00e9tresse in\u00e9dite chez les jeunes. Plusieurs raisons, le taux de ch\u00f4mage \u00e9lev\u00e9, un monde incertain, une soci\u00e9t\u00e9 en crise, une plan\u00e8te malmen\u00e9e&#8230; Les jeunes ont besoins qu&#8217;on se montre individuellement et collectivement responsables pour les aider \u00e0 construire l&#8217;avenir par des projets respectueux de chacun et donc de tous!<\/p><\/div>\n\t\t\t\t<\/div>\n\t\t\t\t<\/div>\n\t\t\t\t\t\t<\/div>\n\t\t\t\t\t<\/div>\n\t\t<\/div>\n\t\t\t\t\t\t\t\t<\/div>\n\t\t\t\t\t<\/div>\n\t\t<\/section>\n\t\t\t\t<section class=\"elementor-section elementor-top-section elementor-element elementor-element-91fb81b elementor-section-boxed elementor-section-height-default elementor-section-height-default\" data-id=\"91fb81b\" data-element_type=\"section\">\n\t\t\t\t\t\t<div class=\"elementor-container elementor-column-gap-default\">\n\t\t\t\t\t\t\t<div class=\"elementor-row\">\n\t\t\t\t\t<div class=\"elementor-column elementor-col-100 elementor-top-column elementor-element elementor-element-a5e177f\" data-id=\"a5e177f\" data-element_type=\"column\">\n\t\t\t<div class=\"elementor-column-wrap elementor-element-populated\">\n\t\t\t\t\t\t\t<div class=\"elementor-widget-wrap\">\n\t\t\t\t\t\t<div class=\"elementor-element elementor-element-19ef8a5 elementor-widget elementor-widget-heading\" data-id=\"19ef8a5\" data-element_type=\"widget\" data-widget_type=\"heading.default\">\n\t\t\t\t<div class=\"elementor-widget-container\">\n\t\t\t<h2 class=\"elementor-heading-title elementor-size-default\">Ainsi WHY 3C, c'est une proposition pour devenir acteur du changement par son projet professionnel pour soi et pour un monde meilleur<br><br><\/h2>\t\t<\/div>\n\t\t\t\t<\/div>\n\t\t\t\t\t\t<\/div>\n\t\t\t\t\t<\/div>\n\t\t<\/div>\n\t\t\t\t\t\t\t\t<\/div>\n\t\t\t\t\t<\/div>\n\t\t<\/section>\n\t\t\t\t<section class=\"elementor-section elementor-top-section elementor-element elementor-element-3f4e68e elementor-section-boxed elementor-section-height-default elementor-section-height-default\" data-id=\"3f4e68e\" data-element_type=\"section\">\n\t\t\t\t\t\t<div class=\"elementor-container elementor-column-gap-default\">\n\t\t\t\t\t\t\t<div class=\"elementor-row\">\n\t\t\t\t\t<div class=\"elementor-column elementor-col-50 elementor-top-column elementor-element elementor-element-3238eab\" data-id=\"3238eab\" data-element_type=\"column\">\n\t\t\t<div class=\"elementor-column-wrap elementor-element-populated\">\n\t\t\t\t\t\t\t<div class=\"elementor-widget-wrap\">\n\t\t\t\t\t\t<div class=\"elementor-element elementor-element-39566a6 elementor-widget elementor-widget-heading\" data-id=\"39566a6\" data-element_type=\"widget\" data-widget_type=\"heading.default\">\n\t\t\t\t<div class=\"elementor-widget-container\">\n\t\t\t<h2 class=\"elementor-heading-title elementor-size-default\">LA VISION DE LA FONDATRICE : UNE VOLONTE DE CONTRIBUER AU CHANGEMENT<\/h2>\t\t<\/div>\n\t\t\t\t<\/div>\n\t\t\t\t<div class=\"elementor-element elementor-element-210e9e5 elementor-widget elementor-widget-text-editor\" data-id=\"210e9e5\" data-element_type=\"widget\" data-widget_type=\"text-editor.default\">\n\t\t\t\t<div class=\"elementor-widget-container\">\n\t\t\t\t\t<div class=\"elementor-text-editor elementor-clearfix\"><p>&nbsp;&#8220;La volont\u00e9 de cr\u00e9er WHY3C est n\u00e9e d&#8217;une forme de capitalisation d&#8217;exp\u00e9riences et surtout d&#8217; observations du monde qui m&#8217;entoure quelque soit mes activit\u00e9s et depuis toujours, pour essayer de produire du mieux collectivement, je suis en fait une grande curieuse de la vie! A ce titre, j&#8217;ai un parcours atypique comme on dit. J&#8217;ai commenc\u00e9 mes gammes en tant que consultante en d\u00e9veloppement international des PME, puis port\u00e9e par cette soif d&#8217;apprendre, je me suis lanc\u00e9e dans la r\u00e9alisation d&#8217;un Doctorat en Entrepreneuriat au c\u00f4t\u00e9 d&#8217;Olivier Torr\u00e8s. J&#8217;ai fini par vouloir, au-del\u00e0 de l&#8217;accompagnement et de la formation, instiller modestement ma patte dans les programmes, j&#8217;ai donc choisi de devenir Directrice p\u00e9dagogique, puis bien s\u00fbre toujours en qu\u00eate de valeurs humaines et de cons\u00e9quences de l&#8217;action d&#8217;un point de vue Soci\u00e9tal, j&#8217;ai travaill\u00e9 comme responsable R&amp;D en innovation sociale&nbsp; et&nbsp; enfin Enseignant Chercheur. On est vite contraint par les cadres institutionnels et finalement pour rassembler toutes les pi\u00e8ces du puzzle qui me semblaient n\u00e9cessaire dans l&#8217;action de formation, il fallait que je cr\u00e9\u00e9 la structure qui le permettrait avec tous ceux qui, comme moi, sont convaincus du besoin de sens dans l&#8217;action, du besoin de produire des collaborations territorialis\u00e9es, de construire gr\u00e2ce \u00e0 l&#8217;interg\u00e9n\u00e9rationnelle et de former et accompagner autrement.<\/p>\n<p>Inspir\u00e9e par les divers parcours de vie, par ces retours d&#8217;exp\u00e9riences d&#8217;\u00e9tudiants, d&#8217;entrepreneurs accompagn\u00e9s, par ses recherches en mati\u00e8re d&#8217;entrepreneuriat et d&#8217;\u00e9volutions soci\u00e9tales, et par mon exp\u00e9rience en business school comme \u00e0 l&#8217;Universit\u00e9, je propose aujourd&#8217;hui&nbsp; formation et accompagnement o\u00f9 je peux exprimer pleinement mes valeurs et convictions pour donner du sens \u00e0 l&#8217;action entrepreneuriale et du sens \u00e0 la formation.&nbsp; WHY3C c&#8217;est donc un centre de formation et un mode&nbsp; d&#8217;accompagnement plus centr\u00e9 sur les richesses individuelles qui composent la soci\u00e9t\u00e9 et qui par leur propre identit\u00e9 vont permettre de relever collectivement les d\u00e9fis d&#8217;aujourd&#8217;hui et de demain.&nbsp; Form\u00e9e \u00e0 l&#8217;hypnose ericksonienne et \u00e0 diverses pratiques de d\u00e9veloppement personnel, je pense les parcours avec mes partenaires et accompagne en alliant et visant en objectifs d\u00e9veloppement personnel et comp\u00e9tences professionnelles .<\/p>\n<p>Ainsi amener les jeunes \u00e0 trouver leur voie en prenant le temps de la connaissance de soi pour mieux choisir et apprendre \u00e0 convaincre les autres du bienfond\u00e9 de leur choix. Accompagner les personnes qui se sont perdus dans l&#8217;activit\u00e9 professionnelle et souhaitent redonner du sens \u00e0 leur chemin, pour eux et pour le collectif. Et Former, soutenir, accompagner l&#8217;ENVIE D&#8217;ENTREPRENDRE AVEC SENS, pour soi, pour les autres et pour la Soci\u00e9t\u00e9.&#8221;<\/p>\n<p>Marie Gomez-Breysse<\/p>\n<p>Fondatrice WHY3C<\/p><\/div>\n\t\t\t\t<\/div>\n\t\t\t\t<\/div>\n\t\t\t\t\t\t<\/div>\n\t\t\t\t\t<\/div>\n\t\t<\/div>\n\t\t\t\t<div class=\"elementor-column elementor-col-50 elementor-top-column elementor-element elementor-element-3df8584\" data-id=\"3df8584\" data-element_type=\"column\">\n\t\t\t<div class=\"elementor-column-wrap elementor-element-populated\">\n\t\t\t\t\t\t\t<div class=\"elementor-widget-wrap\">\n\t\t\t\t\t\t<div class=\"elementor-element elementor-element-69d562e elementor-widget elementor-widget-text-editor\" data-id=\"69d562e\" data-element_type=\"widget\" data-widget_type=\"text-editor.default\">\n\t\t\t\t<div class=\"elementor-widget-container\">\n\t\t\t\t\t<div class=\"elementor-text-editor elementor-clearfix\"><h5><b>MARIE-GOMEZ-BREYSSE <\/b><\/h5><div><b>Docteure en\u00a0 Entrepreneuriat<\/b><br \/><b>Sp\u00e9cialis\u00e9e pratiques entrepreneuriales et mutations soci\u00e9tales<br \/>Ma\u00eetre praticien en Hypnose Ericksonienne &#8211; Form\u00e9e Enneagramme et \u00e9coute active<br \/>Dipl\u00f4m\u00e9e Universit\u00e9 Montpellier\u00a0\u00a0<\/b><b>Master Recherche _ Sciences de Gestion\u00a0<br \/>Master Pro _ Management international des PME et territoires<br \/>Dipl\u00f4m\u00e9e Ecole de commerce Master affaires internationales<\/b><\/div><p>\u00a0<\/p><p><b>Guid\u00e9e par l&#8217;ambition d&#8217;accompagner tout un chacun \u00e0 Grandir son projet dans le respect de soi et des autres, elle a toujours \u00e9t\u00e9 en veille sur les \u00e9volutions soci\u00e9tales et les implications aux niveaux individuelles.<\/b><b><img loading=\"lazy\" class=\"alignleft\" src=\"https:\/\/i1.rgstatic.net\/ii\/profile.image\/748939384987650-1555572472203_Q512\/Marie_Gomez_Breysse.jpg\" alt=\"Marie GOMEZ BREYSSE | Permanent professor | Phd Entrepreneurship | Ecole des Dirigeants et Createurs d'entreprise | Departement of entrepreneurship\" width=\"179\" height=\"179\" \/><\/b><\/p><p>Auteure de plusieurs publications , coordinatrice de groupe de recherche, ouvrages et coordination d&#8217;ouvrage sur l&#8217;entrepreneuriat, \u00e0 l&#8217;initiative de webinar et intervenante conf\u00e9rencier.<\/p><p><img loading=\"lazy\" class=\"\" src=\"https:\/\/www.cairn.info\/vign_rev\/ENTIN\/ENTIN_021_L204.jpg\" alt=\"Revue Entreprendre &amp; Innover 2014\/2 | Cairn.info\" width=\"137\" height=\"198\" \/><img loading=\"lazy\" class=\"\" src=\"https:\/\/www.dunod.com\/sites\/default\/files\/thumbnails\/image\/9782100572816-X.jpg\" alt=\"L'entrepreneur au 21e si\u00e8cle - Reflet des \u00e9volutions soci\u00e9tales - Livre et ebook Strat\u00e9gie d'entreprise de Marie Gomez-Breysse - Dunod\" width=\"128\" height=\"199\" \/><img src=\"https:\/\/assets.erudit.tech\/couverture\/ipme02392\/20160304171137.jpg\" alt=\"La croissance des entreprises. Revue internationale P.M.E. \u2013 \u00c9rudit\" \/><img loading=\"lazy\" class=\"\" src=\"https:\/\/www.cairn.info\/vign_rev\/ENTRE\/ENTRE_153_L204.jpg\" alt=\"Revue Revue de l'Entrepreneuriat 2016\/3 | Cairn.info\" width=\"132\" height=\"199\" \/><\/p><\/div>\n\t\t\t\t<\/div>\n\t\t\t\t<\/div>\n\t\t\t\t<div class=\"elementor-element elementor-element-fa061d5 elementor-aspect-ratio-32 elementor-widget elementor-widget-video\" data-id=\"fa061d5\" data-element_type=\"widget\" data-settings=\"{&quot;aspect_ratio&quot;:&quot;32&quot;}\" data-widget_type=\"video.default\">\n\t\t\t\t<div class=\"elementor-widget-container\">\n\t\t\t\t\t<div class=\"elementor-wrapper elementor-fit-aspect-ratio elementor-open-inline\">\n\t\t\t<iframe class=\"elementor-video-iframe\" allowfullscreen title=\"Lecteur vid\u00e9o youtube\" src=\"https:\/\/www.youtube.com\/embed\/BI4O9t3tk6o?feature=oembed&amp;start&amp;end&amp;wmode=opaque&amp;loop=0&amp;controls=1&amp;mute=0&amp;rel=0&amp;modestbranding=0\"><\/iframe>\t\t<\/div>\n\t\t\t\t<\/div>\n\t\t\t\t<\/div>\n\t\t\t\t\t\t<\/div>\n\t\t\t\t\t<\/div>\n\t\t<\/div>\n\t\t\t\t\t\t\t\t<\/div>\n\t\t\t\t\t<\/div>\n\t\t<\/section>\n\t\t\t\t<section class=\"elementor-section elementor-top-section elementor-element elementor-element-58df4d1 elementor-section-boxed elementor-section-height-default elementor-section-height-default\" data-id=\"58df4d1\" data-element_type=\"section\">\n\t\t\t\t\t\t<div class=\"elementor-container elementor-column-gap-default\">\n\t\t\t\t\t\t\t<div class=\"elementor-row\">\n\t\t\t\t\t<div class=\"elementor-column elementor-col-100 elementor-top-column elementor-element elementor-element-c732b42\" data-id=\"c732b42\" data-element_type=\"column\">\n\t\t\t<div class=\"elementor-column-wrap elementor-element-populated\">\n\t\t\t\t\t\t\t<div class=\"elementor-widget-wrap\">\n\t\t\t\t\t\t<div class=\"elementor-element elementor-element-2500a77 elementor-widget elementor-widget-heading\" data-id=\"2500a77\" data-element_type=\"widget\" data-widget_type=\"heading.default\">\n\t\t\t\t<div class=\"elementor-widget-container\">\n\t\t\t<h2 class=\"elementor-heading-title elementor-size-default\">LES RENCONTRES ET ECHANGES AU COEUR DU PROJET<\/h2>\t\t<\/div>\n\t\t\t\t<\/div>\n\t\t\t\t\t\t<\/div>\n\t\t\t\t\t<\/div>\n\t\t<\/div>\n\t\t\t\t\t\t\t\t<\/div>\n\t\t\t\t\t<\/div>\n\t\t<\/section>\n\t\t\t\t<section class=\"elementor-section elementor-top-section elementor-element elementor-element-bd41210 elementor-section-boxed elementor-section-height-default elementor-section-height-default\" data-id=\"bd41210\" data-element_type=\"section\">\n\t\t\t\t\t\t<div class=\"elementor-container elementor-column-gap-default\">\n\t\t\t\t\t\t\t<div class=\"elementor-row\">\n\t\t\t\t\t<div class=\"elementor-column elementor-col-100 elementor-top-column elementor-element elementor-element-222e3fa\" data-id=\"222e3fa\" data-element_type=\"column\">\n\t\t\t<div class=\"elementor-column-wrap\">\n\t\t\t\t\t\t\t<div class=\"elementor-widget-wrap\">\n\t\t\t\t\t\t\t\t<\/div>\n\t\t\t\t\t<\/div>\n\t\t<\/div>\n\t\t\t\t\t\t\t\t<\/div>\n\t\t\t\t\t<\/div>\n\t\t<\/section>\n\t\t\t\t<section class=\"elementor-section elementor-top-section elementor-element elementor-element-270fe20 elementor-section-boxed elementor-section-height-default elementor-section-height-default\" data-id=\"270fe20\" data-element_type=\"section\">\n\t\t\t\t\t\t<div class=\"elementor-container elementor-column-gap-default\">\n\t\t\t\t\t\t\t<div class=\"elementor-row\">\n\t\t\t\t\t<div class=\"elementor-column elementor-col-50 elementor-top-column elementor-element elementor-element-83c8be0\" data-id=\"83c8be0\" data-element_type=\"column\">\n\t\t\t<div class=\"elementor-column-wrap elementor-element-populated\">\n\t\t\t\t\t\t\t<div class=\"elementor-widget-wrap\">\n\t\t\t\t\t\t<div class=\"elementor-element elementor-element-a9d7121 elementor-widget elementor-widget-text-editor\" data-id=\"a9d7121\" data-element_type=\"widget\" data-widget_type=\"text-editor.default\">\n\t\t\t\t<div class=\"elementor-widget-container\">\n\t\t\t\t\t<div class=\"elementor-text-editor elementor-clearfix\"><p>Au cours des diff\u00e9rentes exp\u00e9riences et particuli\u00e8rement au cours des deux derni\u00e8res ann\u00e9es, des rencontres ont amen\u00e9 Marie Gomez Breysse \u00e0 s&#8217;interroger davantage sur la construction d&#8217;une offre correspondant aux besoins soci\u00e9taux. P\u00eale m\u00eale, des noms d&#8217;amis, d&#8217;experts, de coll\u00e8gues professionnels qui ont contribu\u00e9s de pr\u00e8s ou de loin, par des \u00e9changes, \u00e0 la r\u00e9flexion et maturation du projet :\u00a0<\/p><p>Christophe Nachbaur, Marion Polge, Paul Martin, Ad\u00e8le P\u00e9rez, Francesco Travagli, Catherine Marlier, Olivier Alluis, Rapha\u00eblle Lamoureux, Josick Paoli, Orlando Navarro, Claire Gueudre Mahieu, Julien Breysse, Odile Pierru, Christophe Landat, Annabelle Jaouen&#8230;\u00a0<\/p><\/div>\n\t\t\t\t<\/div>\n\t\t\t\t<\/div>\n\t\t\t\t\t\t<\/div>\n\t\t\t\t\t<\/div>\n\t\t<\/div>\n\t\t\t\t<div class=\"elementor-column elementor-col-50 elementor-top-column elementor-element elementor-element-bfec252\" data-id=\"bfec252\" data-element_type=\"column\">\n\t\t\t<div class=\"elementor-column-wrap\">\n\t\t\t\t\t\t\t<div class=\"elementor-widget-wrap\">\n\t\t\t\t\t\t\t\t<\/div>\n\t\t\t\t\t<\/div>\n\t\t<\/div>\n\t\t\t\t\t\t\t\t<\/div>\n\t\t\t\t\t<\/div>\n\t\t<\/section>\n\t\t\t\t\t\t<\/div>\n\t\t\t\t\t\t<\/div>\n\t\t\t\t\t<\/div>\n\t\t","protected":false},"excerpt":{"rendered":"<p>POURQUOI AVOIR CREE WHY3C ? Etre Acteur d&#8217;un monde meilleur Trois constats ont nourri le projet DES ENTREPRENEURS ET PORTEURS DE PROJETS EN QUESTIONNEMENT FACE AUX ENJEUX SOCIETAUX ET DESIREUX DE CONTRIBUER AU CHANGEMENT R\u00e9pondre aux d\u00e9fis environnementaux par l&#8217;entreprise en cr\u00e9ant des projets responsables et durables, plus territorialis\u00e9s qui correspondent aux besoins locaux et [&hellip;]<\/p>\n","protected":false},"author":1,"featured_media":0,"parent":0,"menu_order":0,"comment_status":"closed","ping_status":"closed","template":"","meta":{"pmpro_default_level":0},"_links":{"self":[{"href":"https:\/\/why3c.fr\/index.php\/wp-json\/wp\/v2\/pages\/2161"}],"collection":[{"href":"https:\/\/why3c.fr\/index.php\/wp-json\/wp\/v2\/pages"}],"about":[{"href":"https:\/\/why3c.fr\/index.php\/wp-json\/wp\/v2\/types\/page"}],"author":[{"embeddable":true,"href":"https:\/\/why3c.fr\/index.php\/wp-json\/wp\/v2\/users\/1"}],"replies":[{"embeddable":true,"href":"https:\/\/why3c.fr\/index.php\/wp-json\/wp\/v2\/comments?post=2161"}],"version-history":[{"count":6,"href":"https:\/\/why3c.fr\/index.php\/wp-json\/wp\/v2\/pages\/2161\/revisions"}],"predecessor-version":[{"id":2693,"href":"https:\/\/why3c.fr\/index.php\/wp-json\/wp\/v2\/pages\/2161\/revisions\/2693"}],"wp:attachment":[{"href":"https:\/\/why3c.fr\/index.php\/wp-json\/wp\/v2\/media?parent=2161"}],"curies":[{"name":"wp","href":"https:\/\/api.w.org\/{rel}","templated":true}]}}