{"id":2752,"date":"2024-02-17T14:55:40","date_gmt":"2024-02-17T13:55:40","guid":{"rendered":"https:\/\/why3c.fr\/?page_id=2752"},"modified":"2024-02-17T16:54:57","modified_gmt":"2024-02-17T15:54:57","slug":"notre-offre-structure-daccompagnement","status":"publish","type":"page","link":"https:\/\/why3c.fr\/index.php\/notre-offre-structure-daccompagnement\/","title":{"rendered":"Notre offre structure d&#8217;accompagnement"},"content":{"rendered":"\t\t<div data-elementor-type=\"wp-page\" data-elementor-id=\"2752\" class=\"elementor elementor-2752\" data-elementor-settings=\"[]\">\n\t\t\t\t\t\t<div class=\"elementor-inner\">\n\t\t\t\t\t\t\t<div class=\"elementor-section-wrap\">\n\t\t\t\t\t\t\t<section class=\"elementor-section elementor-top-section elementor-element elementor-element-3a4d79c elementor-section-boxed elementor-section-height-default elementor-section-height-default\" data-id=\"3a4d79c\" data-element_type=\"section\">\n\t\t\t\t\t\t<div class=\"elementor-container elementor-column-gap-default\">\n\t\t\t\t\t\t\t<div class=\"elementor-row\">\n\t\t\t\t\t<div class=\"elementor-column elementor-col-100 elementor-top-column elementor-element elementor-element-f84a382\" data-id=\"f84a382\" data-element_type=\"column\">\n\t\t\t<div class=\"elementor-column-wrap elementor-element-populated\">\n\t\t\t\t\t\t\t<div class=\"elementor-widget-wrap\">\n\t\t\t\t\t\t<div class=\"elementor-element elementor-element-ccecce2 elementor-widget elementor-widget-heading\" data-id=\"ccecce2\" data-element_type=\"widget\" data-widget_type=\"heading.default\">\n\t\t\t\t<div class=\"elementor-widget-container\">\n\t\t\t<h2 class=\"elementor-heading-title elementor-size-default\">NOTRE OFFRE POUR LES STRUCTURES D'ACCOMPAGNEMENT<\/h2>\t\t<\/div>\n\t\t\t\t<\/div>\n\t\t\t\t\t\t<\/div>\n\t\t\t\t\t<\/div>\n\t\t<\/div>\n\t\t\t\t\t\t\t\t<\/div>\n\t\t\t\t\t<\/div>\n\t\t<\/section>\n\t\t\t\t<section class=\"elementor-section elementor-top-section elementor-element elementor-element-cf5f76a elementor-section-boxed elementor-section-height-default elementor-section-height-default\" data-id=\"cf5f76a\" data-element_type=\"section\">\n\t\t\t\t\t\t<div class=\"elementor-container elementor-column-gap-default\">\n\t\t\t\t\t\t\t<div class=\"elementor-row\">\n\t\t\t\t\t<div class=\"elementor-column elementor-col-100 elementor-top-column elementor-element elementor-element-133e579\" data-id=\"133e579\" data-element_type=\"column\">\n\t\t\t<div class=\"elementor-column-wrap\">\n\t\t\t\t\t\t\t<div class=\"elementor-widget-wrap\">\n\t\t\t\t\t\t\t\t<\/div>\n\t\t\t\t\t<\/div>\n\t\t<\/div>\n\t\t\t\t\t\t\t\t<\/div>\n\t\t\t\t\t<\/div>\n\t\t<\/section>\n\t\t\t\t<section class=\"elementor-section elementor-top-section elementor-element elementor-element-a4b6889 elementor-section-boxed elementor-section-height-default elementor-section-height-default\" data-id=\"a4b6889\" data-element_type=\"section\">\n\t\t\t\t\t\t<div class=\"elementor-container elementor-column-gap-default\">\n\t\t\t\t\t\t\t<div class=\"elementor-row\">\n\t\t\t\t\t<div class=\"elementor-column elementor-col-100 elementor-top-column elementor-element elementor-element-d0c7da1\" data-id=\"d0c7da1\" data-element_type=\"column\">\n\t\t\t<div class=\"elementor-column-wrap elementor-element-populated\">\n\t\t\t\t\t\t\t<div class=\"elementor-widget-wrap\">\n\t\t\t\t\t\t<section class=\"elementor-section elementor-inner-section elementor-element elementor-element-e103af4 elementor-section-boxed elementor-section-height-default elementor-section-height-default\" data-id=\"e103af4\" data-element_type=\"section\">\n\t\t\t\t\t\t<div class=\"elementor-container elementor-column-gap-default\">\n\t\t\t\t\t\t\t<div class=\"elementor-row\">\n\t\t\t\t\t<div class=\"elementor-column elementor-col-50 elementor-inner-column elementor-element elementor-element-86d3b9e\" data-id=\"86d3b9e\" data-element_type=\"column\">\n\t\t\t<div class=\"elementor-column-wrap elementor-element-populated\">\n\t\t\t\t\t\t\t<div class=\"elementor-widget-wrap\">\n\t\t\t\t\t\t<div class=\"elementor-element elementor-element-a09ac8b elementor-widget elementor-widget-text-editor\" data-id=\"a09ac8b\" data-element_type=\"widget\" data-widget_type=\"text-editor.default\">\n\t\t\t\t<div class=\"elementor-widget-container\">\n\t\t\t\t\t<div class=\"elementor-text-editor elementor-clearfix\"><h1>Nous co-construisons des modules de formation-action sur mesure avec et pour les structures d&#8217;accompagnement \u00e0 destination des porteurs de projet\u00a0 pour faciliter le design by IMPACT ou pour pivoter et \u00e0 destination des accompagnants pour les aider \u00e0 int\u00e9grer \u00e9galement ces notions dans leur accompagnement\u00a0<\/h1><\/div>\n\t\t\t\t<\/div>\n\t\t\t\t<\/div>\n\t\t\t\t<div class=\"elementor-element elementor-element-13dd1b5 elementor-widget elementor-widget-heading\" data-id=\"13dd1b5\" data-element_type=\"widget\" data-widget_type=\"heading.default\">\n\t\t\t\t<div class=\"elementor-widget-container\">\n\t\t\t<h2 class=\"elementor-heading-title elementor-size-default\">NOS THEMATIQUES PREFEREES A DECLINER ENSEMBLE <\/h2>\t\t<\/div>\n\t\t\t\t<\/div>\n\t\t\t\t<div class=\"elementor-element elementor-element-596d782 elementor-widget elementor-widget-text-editor\" data-id=\"596d782\" data-element_type=\"widget\" data-widget_type=\"text-editor.default\">\n\t\t\t\t<div class=\"elementor-widget-container\">\n\t\t\t\t\t<div class=\"elementor-text-editor elementor-clearfix\"><ul><li><h6>La posture entrepreneuriale<\/h6><\/li><li><h6>Raison d&#8217;\u00eatre individuelle et raison d&#8217;\u00eatre projet<\/h6><\/li><li><h6>Repenser la cha\u00eene de valeur et l&#8217;id\u00e9ation<\/h6><\/li><li><h6>Contributions positives et indicateurs d&#8217;impact<\/h6><\/li><li><h6>Business model \u00e0 impact<\/h6><\/li><li><h6>Design circulaire<\/h6><\/li><li><h6>Sans oublier&#8230;\u00a0 La Sant\u00e9 du dirigeant, de ses accompagnants d\u00e9clin\u00e9e en de nombreuses th\u00e9matiques<\/h6><\/li><li><h6>\u00a0<\/h6><\/li><\/ul><\/div>\n\t\t\t\t<\/div>\n\t\t\t\t<\/div>\n\t\t\t\t\t\t<\/div>\n\t\t\t\t\t<\/div>\n\t\t<\/div>\n\t\t\t\t<div class=\"elementor-column elementor-col-50 elementor-inner-column elementor-element elementor-element-22d8556\" data-id=\"22d8556\" data-element_type=\"column\">\n\t\t\t<div class=\"elementor-column-wrap elementor-element-populated\">\n\t\t\t\t\t\t\t<div class=\"elementor-widget-wrap\">\n\t\t\t\t\t\t<div class=\"elementor-element elementor-element-eb5b098 elementor-widget elementor-widget-heading\" data-id=\"eb5b098\" data-element_type=\"widget\" data-widget_type=\"heading.default\">\n\t\t\t\t<div class=\"elementor-widget-container\">\n\t\t\t<h2 class=\"elementor-heading-title elementor-size-default\">Ils nous font confiance,<br>nous construisons pour leurs porteurs et\/ou leurs accompagnants des modules sur-mesure <\/h2>\t\t<\/div>\n\t\t\t\t<\/div>\n\t\t\t\t<div class=\"elementor-element elementor-element-4804c55 elementor-widget elementor-widget-text-editor\" data-id=\"4804c55\" data-element_type=\"widget\" data-widget_type=\"text-editor.default\">\n\t\t\t\t<div class=\"elementor-widget-container\">\n\t\t\t\t\t<div class=\"elementor-text-editor elementor-clearfix\"><p><img loading=\"lazy\" class=\"\" src=\"https:\/\/media.licdn.com\/dms\/image\/C560BAQGUc5wRaqboMw\/company-logo_200_200\/0\/1630568186257\/business_and_innovation_center_bic_de_montpellier_logo?e=2147483647&amp;v=beta&amp;t=uVu42ntKtnw2IsTBNK6V3kE_E8LUmO-ohy7ioNjILrk\" alt=\"BIC de Montpellier | LinkedIn\" width=\"103\" height=\"103\" \/> <img loading=\"lazy\" class=\"\" src=\"https:\/\/www.cycl-op.org\/data\/sources\/users\/570\/20200817134149-alterincub-occitanie.jpg\" alt=\"URSCOP Occitanie P\u00f4le M\u00e9diterran\u00e9e - Alter'Incub\" width=\"144\" height=\"57\" \/> <img loading=\"lazy\" class=\"\" src=\"https:\/\/www.herault.cci.fr\/sites\/g\/files\/mwbcuj1671\/files\/styles\/teaser_300_150\/public\/2023-01\/French_Tech_Mediterranee_300x150.jpg?itok=E4TQWFd0&amp;tstmp=1672675428\" alt=\"FRENCH TECH M\u00c9DITERRAN\u00c9E | CCI H\u00e9rault\" width=\"140\" height=\"70\" \/> <img loading=\"lazy\" class=\"\" src=\"https:\/\/www.coventis.org\/IMG\/logo\/plan_de_travail_1_1.png?1680792541\" alt=\"Coventis\" width=\"141\" height=\"141\" \/> <img loading=\"lazy\" class=\"\" src=\"https:\/\/www.fondation-mines-telecom.org\/wp-content\/uploads\/2018\/02\/imt_mines_ales.jpg\" alt=\"IMT Mines Al\u00e8s - Fondation Mines-T\u00e9l\u00e9com\" width=\"141\" height=\"74\" \/> <img loading=\"lazy\" class=\"\" src=\"https:\/\/i.pinimg.com\/280x280_RS\/66\/ae\/ce\/66aeceb33f136f538722d1d3b240e99b.jpg\" alt=\"Via Innova (viainnova) - Profile | Pinterest\" width=\"117\" height=\"117\" \/> <img loading=\"lazy\" class=\"\" src=\"https:\/\/nimes-metropole-entreprises.fr\/wp-content\/uploads\/2022\/09\/bicinnovup-1-300x206.png\" alt=\"Aide \u00e0 la structuration de projet d'entreprise innovante - N\u00eemes M\u00e9tropole Entreprises\" width=\"125\" height=\"86\" \/> <img loading=\"lazy\" class=\"\" src=\"https:\/\/alesmyriapolis.com\/wp-content\/uploads\/2018\/05\/Logo-ales-myriapolis-agence-developpement-economique-gard.png\" alt=\"Accueil - Al\u00e8s Myriapolis\" width=\"139\" height=\"60\" \/><\/p><p><img loading=\"lazy\" class=\"\" src=\"https:\/\/www.pepite-lr.fr\/images\/logo-pepite.png\" alt=\"Qui sommes-nous ? - PEPITE-LR\" width=\"146\" height=\"51\" \/>\u00a0 \u00a0 \u00a0 \u00a0 \u00a0 \u00a0\u00a0 <img loading=\"lazy\" class=\"\" src=\"https:\/\/www.lapalanquee.org\/wp-content\/uploads\/2019\/11\/Logo-bleu-7319x973.jpg\" alt=\"La Palanqu\u00e9e - Tiers-lieu citoyen de S\u00e8te et du Bassin de Thau\" width=\"180\" height=\"24\" \/>\u00a0 \u00a0 \u00a0 \u00a0 \u00a0 <img loading=\"lazy\" class=\"\" src=\"https:\/\/upload.wikimedia.org\/wikipedia\/commons\/a\/ae\/LogoMBS_300x350.jpg\" alt=\"Montpellier Business School \u2014 Wikip\u00e9dia\" width=\"95\" height=\"111\" \/><\/p><p style=\"text-align: center;\">Merci \u00e0 nos partenaires avec qui\u00a0 et gr\u00e2ce \u00e0 qui nous construisons un terreau fertile au d\u00e9veloppement d&#8217;une \u00e9conomie \u00e0 impact positif et des entrepreneurs align\u00e9s et en sant\u00e9 !<\/p><\/div>\n\t\t\t\t<\/div>\n\t\t\t\t<\/div>\n\t\t\t\t\t\t<\/div>\n\t\t\t\t\t<\/div>\n\t\t<\/div>\n\t\t\t\t\t\t\t\t<\/div>\n\t\t\t\t\t<\/div>\n\t\t<\/section>\n\t\t\t\t\t\t<\/div>\n\t\t\t\t\t<\/div>\n\t\t<\/div>\n\t\t\t\t\t\t\t\t<\/div>\n\t\t\t\t\t<\/div>\n\t\t<\/section>\n\t\t\t\t<section class=\"elementor-section elementor-top-section elementor-element elementor-element-947929e elementor-section-boxed elementor-section-height-default elementor-section-height-default\" data-id=\"947929e\" data-element_type=\"section\">\n\t\t\t\t\t\t<div class=\"elementor-container elementor-column-gap-default\">\n\t\t\t\t\t\t\t<div class=\"elementor-row\">\n\t\t\t\t\t<div class=\"elementor-column elementor-col-50 elementor-top-column elementor-element elementor-element-95a16f6\" data-id=\"95a16f6\" data-element_type=\"column\">\n\t\t\t<div class=\"elementor-column-wrap elementor-element-populated\">\n\t\t\t\t\t\t\t<div class=\"elementor-widget-wrap\">\n\t\t\t\t\t\t<div class=\"elementor-element elementor-element-648ccd0 elementor-widget elementor-widget-heading\" data-id=\"648ccd0\" data-element_type=\"widget\" data-widget_type=\"heading.default\">\n\t\t\t\t<div class=\"elementor-widget-container\">\n\t\t\t<h2 class=\"elementor-heading-title elementor-size-default\">POUR VOS ENTREPRENEURS, des id\u00e9es<\/h2>\t\t<\/div>\n\t\t\t\t<\/div>\n\t\t\t\t<div class=\"elementor-element elementor-element-be7f1ef elementor-widget elementor-widget-text-editor\" data-id=\"be7f1ef\" data-element_type=\"widget\" data-widget_type=\"text-editor.default\">\n\t\t\t\t<div class=\"elementor-widget-container\">\n\t\t\t\t\t<div class=\"elementor-text-editor elementor-clearfix\"><ul style=\"font-variant-ligatures: normal; font-variant-caps: normal; font-family: Roboto, sans-serif; font-size: 16px; font-style: normal; font-weight: 400;\"><li style=\"font-size: 16px;\"><h6>&#8211; Posture d&#8217;un entrepreneur \u00e0 impact affirm\u00e9e et incarn\u00e9e<\/h6><\/li><li style=\"font-size: 16px;\"><h6>&#8211; De la raison d&#8217;\u00eatre \u00e0 la mise en oeuvre op\u00e9rationnelle du plan IMPACT<\/h6><\/li><li style=\"font-size: 16px;\"><h6>&#8211; Repenser sa cr\u00e9ation de valeur pour \u00eatre impactant<\/h6><\/li><li style=\"font-size: 16px;\"><h6>&#8211; Mon Pivot IMPACT<\/h6><\/li><li style=\"font-size: 16px;\"><h6>&#8211; Impl\u00e9menter un Design circulaire<\/h6><\/li><li style=\"font-size: 16px;\"><h6>&#8211; Cr\u00e9\u00e9r un projet Design by impact<\/h6><\/li><li style=\"font-size: 16px;\"><h6>&#8211; Et la proposition de valeur dans tout \u00e7a, comment je la construis? &#8230;.<\/h6><\/li><\/ul><\/div>\n\t\t\t\t<\/div>\n\t\t\t\t<\/div>\n\t\t\t\t\t\t<\/div>\n\t\t\t\t\t<\/div>\n\t\t<\/div>\n\t\t\t\t<div class=\"elementor-column elementor-col-50 elementor-top-column elementor-element elementor-element-732f82e\" data-id=\"732f82e\" data-element_type=\"column\">\n\t\t\t<div class=\"elementor-column-wrap elementor-element-populated\">\n\t\t\t\t\t\t\t<div class=\"elementor-widget-wrap\">\n\t\t\t\t\t\t<div class=\"elementor-element elementor-element-8921395 elementor-widget elementor-widget-heading\" data-id=\"8921395\" data-element_type=\"widget\" data-widget_type=\"heading.default\">\n\t\t\t\t<div class=\"elementor-widget-container\">\n\t\t\t<h2 class=\"elementor-heading-title elementor-size-default\">ET ...POUR VOS ACCOMPAGNANTS<\/h2>\t\t<\/div>\n\t\t\t\t<\/div>\n\t\t\t\t<div class=\"elementor-element elementor-element-210fb42 elementor-widget elementor-widget-text-editor\" data-id=\"210fb42\" data-element_type=\"widget\" data-widget_type=\"text-editor.default\">\n\t\t\t\t<div class=\"elementor-widget-container\">\n\t\t\t\t\t<div class=\"elementor-text-editor elementor-clearfix\"><h6 style=\"font-variant-ligatures: normal; font-variant-caps: normal; font-style: normal;\">&#8211; Questionner le porteur de projet sur les dimensions IMPACT<br \/>&#8211; Partager un langage commun (pour y voir clair dans &#8230;.SDG, ODD, GIEC, Raison d&#8217;\u00eatre, mission, WHY, HOW, WHAT, approche syst\u00e8mique vs r\u00e9ductionniste, lucie, bcorp &#8230;. )\u00a0<\/h6><h6 style=\"font-variant-ligatures: normal; font-variant-caps: normal; font-style: normal;\">&#8211; Conna\u00eetre les diff\u00e9rents cadres du Business model \u00e0 IMPACT &#8230;<\/h6><h6 style=\"font-variant-ligatures: normal; font-variant-caps: normal; font-style: normal;\">\u00a0<\/h6><h6 style=\"font-variant-ligatures: normal; font-variant-caps: normal; font-style: normal;\">&#8211; ET &#8230;Notre pr\u00e9f\u00e9r\u00e9 &#8230; Distinguer impact et green washing \ud83d\ude42<\/h6><\/div>\n\t\t\t\t<\/div>\n\t\t\t\t<\/div>\n\t\t\t\t\t\t<\/div>\n\t\t\t\t\t<\/div>\n\t\t<\/div>\n\t\t\t\t\t\t\t\t<\/div>\n\t\t\t\t\t<\/div>\n\t\t<\/section>\n\t\t\t\t<section class=\"elementor-section elementor-top-section elementor-element elementor-element-9adc2c4 elementor-section-boxed elementor-section-height-default elementor-section-height-default\" data-id=\"9adc2c4\" data-element_type=\"section\">\n\t\t\t\t\t\t<div class=\"elementor-container elementor-column-gap-default\">\n\t\t\t\t\t\t\t<div class=\"elementor-row\">\n\t\t\t\t\t<div class=\"elementor-column elementor-col-100 elementor-top-column elementor-element elementor-element-0b9b176\" data-id=\"0b9b176\" data-element_type=\"column\">\n\t\t\t<div class=\"elementor-column-wrap elementor-element-populated\">\n\t\t\t\t\t\t\t<div class=\"elementor-widget-wrap\">\n\t\t\t\t\t\t<div class=\"elementor-element elementor-element-2cfc69a elementor-widget elementor-widget-heading\" data-id=\"2cfc69a\" data-element_type=\"widget\" data-widget_type=\"heading.default\">\n\t\t\t\t<div class=\"elementor-widget-container\">\n\t\t\t<h2 class=\"elementor-heading-title elementor-size-default\">Un process de co-construction simple <\/h2>\t\t<\/div>\n\t\t\t\t<\/div>\n\t\t\t\t<div class=\"elementor-element elementor-element-37b85b4 elementor-widget elementor-widget-text-editor\" data-id=\"37b85b4\" data-element_type=\"widget\" data-widget_type=\"text-editor.default\">\n\t\t\t\t<div class=\"elementor-widget-container\">\n\t\t\t\t\t<div class=\"elementor-text-editor elementor-clearfix\"><p><img loading=\"lazy\" class=\"alignnone wp-image-2769 size-full\" src=\"https:\/\/why3c.fr\/wp-content\/uploads\/2024\/02\/process-coconstruction.png\" alt=\"\" width=\"3954\" height=\"771\" srcset=\"https:\/\/why3c.fr\/wp-content\/uploads\/2024\/02\/process-coconstruction.png 3954w, https:\/\/why3c.fr\/wp-content\/uploads\/2024\/02\/process-coconstruction-300x58.png 300w, https:\/\/why3c.fr\/wp-content\/uploads\/2024\/02\/process-coconstruction-1024x200.png 1024w, https:\/\/why3c.fr\/wp-content\/uploads\/2024\/02\/process-coconstruction-768x150.png 768w, https:\/\/why3c.fr\/wp-content\/uploads\/2024\/02\/process-coconstruction-1536x300.png 1536w, https:\/\/why3c.fr\/wp-content\/uploads\/2024\/02\/process-coconstruction-2048x399.png 2048w\" sizes=\"(max-width: 3954px) 100vw, 3954px\" \/><\/p><\/div>\n\t\t\t\t<\/div>\n\t\t\t\t<\/div>\n\t\t\t\t\t\t<\/div>\n\t\t\t\t\t<\/div>\n\t\t<\/div>\n\t\t\t\t\t\t\t\t<\/div>\n\t\t\t\t\t<\/div>\n\t\t<\/section>\n\t\t\t\t\t\t<\/div>\n\t\t\t\t\t\t<\/div>\n\t\t\t\t\t<\/div>\n\t\t","protected":false},"excerpt":{"rendered":"<p>NOTRE OFFRE POUR LES STRUCTURES D&#8217;ACCOMPAGNEMENT Nous co-construisons des modules de formation-action sur mesure avec et pour les structures d&#8217;accompagnement \u00e0 destination des porteurs de projet\u00a0 pour faciliter le design by IMPACT ou pour pivoter et \u00e0 destination des accompagnants pour les aider \u00e0 int\u00e9grer \u00e9galement ces notions dans leur accompagnement\u00a0 NOS THEMATIQUES PREFEREES A [&hellip;]<\/p>\n","protected":false},"author":1,"featured_media":0,"parent":0,"menu_order":0,"comment_status":"closed","ping_status":"closed","template":"","meta":{"pmpro_default_level":0},"_links":{"self":[{"href":"https:\/\/why3c.fr\/index.php\/wp-json\/wp\/v2\/pages\/2752"}],"collection":[{"href":"https:\/\/why3c.fr\/index.php\/wp-json\/wp\/v2\/pages"}],"about":[{"href":"https:\/\/why3c.fr\/index.php\/wp-json\/wp\/v2\/types\/page"}],"author":[{"embeddable":true,"href":"https:\/\/why3c.fr\/index.php\/wp-json\/wp\/v2\/users\/1"}],"replies":[{"embeddable":true,"href":"https:\/\/why3c.fr\/index.php\/wp-json\/wp\/v2\/comments?post=2752"}],"version-history":[{"count":17,"href":"https:\/\/why3c.fr\/index.php\/wp-json\/wp\/v2\/pages\/2752\/revisions"}],"predecessor-version":[{"id":2787,"href":"https:\/\/why3c.fr\/index.php\/wp-json\/wp\/v2\/pages\/2752\/revisions\/2787"}],"wp:attachment":[{"href":"https:\/\/why3c.fr\/index.php\/wp-json\/wp\/v2\/media?parent=2752"}],"curies":[{"name":"wp","href":"https:\/\/api.w.org\/{rel}","templated":true}]}}