{"id":3065,"date":"2025-11-13T12:27:16","date_gmt":"2025-11-13T11:27:16","guid":{"rendered":"https:\/\/why3c.fr\/?page_id=3065"},"modified":"2025-11-13T12:41:28","modified_gmt":"2025-11-13T11:41:28","slug":"mesurer-pour-mieux-transformer","status":"publish","type":"page","link":"https:\/\/why3c.fr\/index.php\/mesurer-pour-mieux-transformer\/","title":{"rendered":"Mesurer pour mieux transformer"},"content":{"rendered":"\t\t<div data-elementor-type=\"wp-page\" data-elementor-id=\"3065\" class=\"elementor elementor-3065\" data-elementor-settings=\"[]\">\n\t\t\t\t\t\t<div class=\"elementor-inner\">\n\t\t\t\t\t\t\t<div class=\"elementor-section-wrap\">\n\t\t\t\t\t\t\t<section class=\"elementor-section elementor-top-section elementor-element elementor-element-955e1f8 elementor-section-boxed elementor-section-height-default elementor-section-height-default\" data-id=\"955e1f8\" data-element_type=\"section\">\n\t\t\t\t\t\t<div class=\"elementor-container elementor-column-gap-default\">\n\t\t\t\t\t\t\t<div class=\"elementor-row\">\n\t\t\t\t\t<div class=\"elementor-column elementor-col-100 elementor-top-column elementor-element elementor-element-b96078c\" data-id=\"b96078c\" data-element_type=\"column\">\n\t\t\t<div class=\"elementor-column-wrap elementor-element-populated\">\n\t\t\t\t\t\t\t<div class=\"elementor-widget-wrap\">\n\t\t\t\t\t\t<div class=\"elementor-element elementor-element-9721f17 elementor-widget elementor-widget-heading\" data-id=\"9721f17\" data-element_type=\"widget\" data-widget_type=\"heading.default\">\n\t\t\t\t<div class=\"elementor-widget-container\">\n\t\t\t<h2 class=\"elementor-heading-title elementor-size-default\">Mesurer pour mieux transformer !\n<br><\/h2>\t\t<\/div>\n\t\t\t\t<\/div>\n\t\t\t\t\t\t<\/div>\n\t\t\t\t\t<\/div>\n\t\t<\/div>\n\t\t\t\t\t\t\t\t<\/div>\n\t\t\t\t\t<\/div>\n\t\t<\/section>\n\t\t\t\t<section class=\"elementor-section elementor-top-section elementor-element elementor-element-4f53e89 elementor-section-boxed elementor-section-height-default elementor-section-height-default\" data-id=\"4f53e89\" data-element_type=\"section\">\n\t\t\t\t\t\t<div class=\"elementor-container elementor-column-gap-default\">\n\t\t\t\t\t\t\t<div class=\"elementor-row\">\n\t\t\t\t\t<div class=\"elementor-column elementor-col-50 elementor-top-column elementor-element elementor-element-15bc52d\" data-id=\"15bc52d\" data-element_type=\"column\">\n\t\t\t<div class=\"elementor-column-wrap elementor-element-populated\">\n\t\t\t\t\t\t\t<div class=\"elementor-widget-wrap\">\n\t\t\t\t\t\t<div class=\"elementor-element elementor-element-8df77a7 elementor-widget elementor-widget-heading\" data-id=\"8df77a7\" data-element_type=\"widget\" data-widget_type=\"heading.default\">\n\t\t\t\t<div class=\"elementor-widget-container\">\n\t\t\t<h3 class=\"elementor-heading-title elementor-size-default\">Parce qu\u2019on ne transforme pas le monde \u00e9conomique sans incarner soi-m\u00eame les changements que l\u2019on pr\u00f4ne<\/h3>\t\t<\/div>\n\t\t\t\t<\/div>\n\t\t\t\t\t\t<\/div>\n\t\t\t\t\t<\/div>\n\t\t<\/div>\n\t\t\t\t<div class=\"elementor-column elementor-col-50 elementor-top-column elementor-element elementor-element-a6cb87f\" data-id=\"a6cb87f\" data-element_type=\"column\">\n\t\t\t<div class=\"elementor-column-wrap elementor-element-populated\">\n\t\t\t\t\t\t\t<div class=\"elementor-widget-wrap\">\n\t\t\t\t\t\t<div class=\"elementor-element elementor-element-9a23ef6 elementor-widget elementor-widget-text-editor\" data-id=\"9a23ef6\" data-element_type=\"widget\" data-widget_type=\"text-editor.default\">\n\t\t\t\t<div class=\"elementor-widget-container\">\n\t\t\t\t\t<div class=\"elementor-text-editor elementor-clearfix\"><p>Chez <strong>WHY 3C<\/strong>, nous croyons qu\u2019on ne peut transformer durablement le monde \u00e9conomique qu\u2019en commen\u00e7ant par soi-m\u00eame.<br \/>Publier chaque ann\u00e9e notre <strong>bilan d\u2019impact<\/strong> n\u2019est donc pas un exercice de communication : c\u2019est un <strong>acte de coh\u00e9rence<\/strong>.<\/p><p>Coh\u00e9rence entre nos valeurs, notre raison d\u2019\u00eatre et notre fa\u00e7on d\u2019agir.<\/p><\/div>\n\t\t\t\t<\/div>\n\t\t\t\t<\/div>\n\t\t\t\t\t\t<\/div>\n\t\t\t\t\t<\/div>\n\t\t<\/div>\n\t\t\t\t\t\t\t\t<\/div>\n\t\t\t\t\t<\/div>\n\t\t<\/section>\n\t\t\t\t<section class=\"elementor-section elementor-top-section elementor-element elementor-element-3a26265 elementor-section-boxed elementor-section-height-default elementor-section-height-default\" data-id=\"3a26265\" data-element_type=\"section\">\n\t\t\t\t\t\t<div class=\"elementor-container elementor-column-gap-default\">\n\t\t\t\t\t\t\t<div class=\"elementor-row\">\n\t\t\t\t\t<div class=\"elementor-column elementor-col-33 elementor-top-column elementor-element elementor-element-0588ef4\" data-id=\"0588ef4\" data-element_type=\"column\">\n\t\t\t<div class=\"elementor-column-wrap elementor-element-populated\">\n\t\t\t\t\t\t\t<div class=\"elementor-widget-wrap\">\n\t\t\t\t\t\t<div class=\"elementor-element elementor-element-fd449ae elementor-widget elementor-widget-heading\" data-id=\"fd449ae\" data-element_type=\"widget\" data-widget_type=\"heading.default\">\n\t\t\t\t<div class=\"elementor-widget-container\">\n\t\t\t<h2 class=\"elementor-heading-title elementor-size-default\">Pourquoi mesurer notre impact ?<\/h2>\t\t<\/div>\n\t\t\t\t<\/div>\n\t\t\t\t<div class=\"elementor-element elementor-element-e57dee4 elementor-widget elementor-widget-text-editor\" data-id=\"e57dee4\" data-element_type=\"widget\" data-widget_type=\"text-editor.default\">\n\t\t\t\t<div class=\"elementor-widget-container\">\n\t\t\t\t\t<div class=\"elementor-text-editor elementor-clearfix\"><p>Parce que <strong>mesurer, c\u2019est apprendre<\/strong>.<br \/>C\u2019est se donner la capacit\u00e9 de progresser, de corriger, de c\u00e9l\u00e9brer les r\u00e9ussites et d\u2019ajuster ce qui doit l\u2019\u00eatre.<br \/>Dans un monde en mutation, <strong>rendre visible l\u2019invisible<\/strong> \u2013 les transformations humaines, les effets syst\u00e9miques, les externalit\u00e9s positives \u2013 est essentiel.<\/p><p>Nos mesures d\u2019impact nous permettent de :<\/p><ul><li>V\u00e9rifier que notre action r\u00e9pond bien \u00e0 <strong>notre raison d\u2019\u00eatre<\/strong> :<br \/><em>\u00ab Contribuer \u00e0 la transformation du monde \u00e9conomique en fomentant transformations individuelles, collectives et d\u2019organisations, pour un alignement de tout un\u00b7e chacun\u00b7e et des activit\u00e9s porteuses de sens et de r\u00e9ussites pour soi, les autres et la plan\u00e8te. \u00bb<\/em><\/li><li><strong>Rendre des comptes<\/strong> \u00e0 nos parties prenantes : apprenants, partenaires, financeurs, intervenants, institutions.<\/li><li><strong>Renforcer notre propre robustesse<\/strong> : une organisation durable est une organisation apprenante.<\/li><\/ul><\/div>\n\t\t\t\t<\/div>\n\t\t\t\t<\/div>\n\t\t\t\t\t\t<\/div>\n\t\t\t\t\t<\/div>\n\t\t<\/div>\n\t\t\t\t<div class=\"elementor-column elementor-col-33 elementor-top-column elementor-element elementor-element-aca9e0a\" data-id=\"aca9e0a\" data-element_type=\"column\">\n\t\t\t<div class=\"elementor-column-wrap elementor-element-populated\">\n\t\t\t\t\t\t\t<div class=\"elementor-widget-wrap\">\n\t\t\t\t\t\t<div class=\"elementor-element elementor-element-d1dd3b9 elementor-widget elementor-widget-text-editor\" data-id=\"d1dd3b9\" data-element_type=\"widget\" data-widget_type=\"text-editor.default\">\n\t\t\t\t<div class=\"elementor-widget-container\">\n\t\t\t\t\t<div class=\"elementor-text-editor elementor-clearfix\"><p><img loading=\"lazy\" class=\"aligncenter\" src=\"https:\/\/tse3.mm.bing.net\/th\/id\/OIP.U7vG5m57USQ1xpPutqVySwHaE8?pid=Api&amp;P=0&amp;h=180\" alt=\"\" width=\"307\" height=\"205\" \/><\/p><p><strong>Notre engagement : l\u2019impact comme culture, pas comme vitrine<\/strong><\/p><p>L\u2019impact n\u2019est pas une \u00e9tiquette : c\u2019est <strong>la trame vivante de nos actions<\/strong>.<br \/>Chaque accompagnement, chaque formation, chaque \u00e9v\u00e8nement est con\u00e7u comme un espace o\u00f9 l\u2019on apprend \u00e0 <strong>r\u00e9ussir autrement<\/strong>.<\/p><ul><li>Avec les <strong>porteurs de projets et entrepreneurs<\/strong>, on construit des mod\u00e8les robustes, on apprend \u00e0 identifier ce qui nous importe pour soi, pour les autres et la plan\u00e8te et construit des mod\u00e8les robustes et align\u00e9s (#Cit\u00e9Entrepreneur).<\/li><li>Avec les <strong>dirigeants et \u00e9quipes de PME<\/strong>, on transforme les organisations vers des mod\u00e8les durables et chemine pour d\u00e9velopper r\u00e9silience collective et organisationnelle (#Cit\u00e9Transition).<\/li><li>Avec les <strong>dirigeant.es, cadres et les personnes<\/strong>, on d\u00e9veloppe la sant\u00e9 mentale pour une r\u00e9silience de chacun et des organisations (#Cit\u00e9Sant\u00e9).<\/li><li>Avec les <strong>jeunes<\/strong>, on travaille la connaissance de soi pour \u00e9clairer les choix d\u2019orientation (#Cit\u00e9\u00c9tudiant).<\/li><\/ul><p>\u00a0<\/p><\/div>\n\t\t\t\t<\/div>\n\t\t\t\t<\/div>\n\t\t\t\t\t\t<\/div>\n\t\t\t\t\t<\/div>\n\t\t<\/div>\n\t\t\t\t<div class=\"elementor-column elementor-col-33 elementor-top-column elementor-element elementor-element-6c02fbc\" data-id=\"6c02fbc\" data-element_type=\"column\">\n\t\t\t<div class=\"elementor-column-wrap elementor-element-populated\">\n\t\t\t\t\t\t\t<div class=\"elementor-widget-wrap\">\n\t\t\t\t\t\t<div class=\"elementor-element elementor-element-c8a4bab elementor-widget elementor-widget-heading\" data-id=\"c8a4bab\" data-element_type=\"widget\" data-widget_type=\"heading.default\">\n\t\t\t\t<div class=\"elementor-widget-container\">\n\t\t\t<h2 class=\"elementor-heading-title elementor-size-default\">Pourquoi publier un bilan d\u2019impact chaque ann\u00e9e ?<\/h2>\t\t<\/div>\n\t\t\t\t<\/div>\n\t\t\t\t<div class=\"elementor-element elementor-element-663ef33 elementor-widget elementor-widget-text-editor\" data-id=\"663ef33\" data-element_type=\"widget\" data-widget_type=\"text-editor.default\">\n\t\t\t\t<div class=\"elementor-widget-container\">\n\t\t\t\t\t<div class=\"elementor-text-editor elementor-clearfix\"><p>Parce que la <strong>transparence<\/strong> fait partie int\u00e9grante de la confiance.<br \/>Nous croyons qu\u2019il est de notre responsabilit\u00e9 d\u2019\u00eatre exemplaires dans notre mani\u00e8re d\u2019\u00e9valuer et de partager nos r\u00e9sultats.<\/p><p>Publier notre bilan d\u2019impact, c\u2019est :<\/p><ul><li>Montrer concr\u00e8tement les transformations g\u00e9n\u00e9r\u00e9es,<\/li><li>Inspirer d\u2019autres acteurs \u00e0 s\u2019engager dans la m\u00eame voie,<\/li><li>Valoriser le travail collectif de ceux qui, \u00e0 nos c\u00f4t\u00e9s, font vivre les transitions : entrepreneurs, partenaires, institutions, formateurs, financeurs engag\u00e9s.<\/li><li>\u00a0<\/li><\/ul><p>Chaque ann\u00e9e, ce bilan est <strong>partag\u00e9 et d\u00e9battu en Conseil de Surveillance WHY 3C<\/strong>, r\u00e9unissant nos parties prenantes : institutionnels, stagiaires cr\u00e9ateurs, enseignants-chercheurs, financeurs et partenaires.<\/p><p><br \/>C\u2019est un moment d\u2019intelligence collective o\u00f9 <strong>la donn\u00e9e devient un levier de d\u00e9cision et d\u2019am\u00e9lioration continue<\/strong>.<\/p><\/div>\n\t\t\t\t<\/div>\n\t\t\t\t<\/div>\n\t\t\t\t\t\t<\/div>\n\t\t\t\t\t<\/div>\n\t\t<\/div>\n\t\t\t\t\t\t\t\t<\/div>\n\t\t\t\t\t<\/div>\n\t\t<\/section>\n\t\t\t\t\t\t<\/div>\n\t\t\t\t\t\t<\/div>\n\t\t\t\t\t<\/div>\n\t\t","protected":false},"excerpt":{"rendered":"<p>Mesurer pour mieux transformer ! Parce qu\u2019on ne transforme pas le monde \u00e9conomique sans incarner soi-m\u00eame les changements que l\u2019on pr\u00f4ne Chez WHY 3C, nous croyons qu\u2019on ne peut transformer durablement le monde \u00e9conomique qu\u2019en commen\u00e7ant par soi-m\u00eame.Publier chaque ann\u00e9e notre bilan d\u2019impact n\u2019est donc pas un exercice de communication : c\u2019est un acte de [&hellip;]<\/p>\n","protected":false},"author":1,"featured_media":0,"parent":0,"menu_order":0,"comment_status":"closed","ping_status":"closed","template":"","meta":{"pmpro_default_level":0},"_links":{"self":[{"href":"https:\/\/why3c.fr\/index.php\/wp-json\/wp\/v2\/pages\/3065"}],"collection":[{"href":"https:\/\/why3c.fr\/index.php\/wp-json\/wp\/v2\/pages"}],"about":[{"href":"https:\/\/why3c.fr\/index.php\/wp-json\/wp\/v2\/types\/page"}],"author":[{"embeddable":true,"href":"https:\/\/why3c.fr\/index.php\/wp-json\/wp\/v2\/users\/1"}],"replies":[{"embeddable":true,"href":"https:\/\/why3c.fr\/index.php\/wp-json\/wp\/v2\/comments?post=3065"}],"version-history":[{"count":6,"href":"https:\/\/why3c.fr\/index.php\/wp-json\/wp\/v2\/pages\/3065\/revisions"}],"predecessor-version":[{"id":3072,"href":"https:\/\/why3c.fr\/index.php\/wp-json\/wp\/v2\/pages\/3065\/revisions\/3072"}],"wp:attachment":[{"href":"https:\/\/why3c.fr\/index.php\/wp-json\/wp\/v2\/media?parent=3065"}],"curies":[{"name":"wp","href":"https:\/\/api.w.org\/{rel}","templated":true}]}}