{"id":412,"date":"2020-11-03T20:43:06","date_gmt":"2020-11-03T19:43:06","guid":{"rendered":"http:\/\/why3c.fr\/?page_id=412"},"modified":"2025-11-22T13:09:09","modified_gmt":"2025-11-22T12:09:09","slug":"accueil-mat","status":"publish","type":"page","link":"https:\/\/why3c.fr\/","title":{"rendered":"accueil why3c"},"content":{"rendered":"\t\t<div data-elementor-type=\"wp-page\" data-elementor-id=\"412\" class=\"elementor elementor-412\" data-elementor-settings=\"[]\">\n\t\t\t\t\t\t<div class=\"elementor-inner\">\n\t\t\t\t\t\t\t<div class=\"elementor-section-wrap\">\n\t\t\t\t\t\t\t<section class=\"elementor-section elementor-top-section elementor-element elementor-element-9246668 elementor-section-full_width elementor-section-height-min-height elementor-section-items-stretch elementor-section-stretched elementor-section-height-default\" data-id=\"9246668\" data-element_type=\"section\" data-settings=\"{&quot;stretch_section&quot;:&quot;section-stretched&quot;,&quot;background_background&quot;:&quot;classic&quot;}\">\n\t\t\t\t\t\t<div class=\"elementor-container elementor-column-gap-default\">\n\t\t\t\t\t\t\t<div class=\"elementor-row\">\n\t\t\t\t\t<div class=\"elementor-column elementor-col-100 elementor-top-column elementor-element elementor-element-83e788e\" data-id=\"83e788e\" data-element_type=\"column\">\n\t\t\t<div class=\"elementor-column-wrap elementor-element-populated\">\n\t\t\t\t\t\t\t<div class=\"elementor-widget-wrap\">\n\t\t\t\t\t\t<div class=\"elementor-element elementor-element-695a016 elementor-widget elementor-widget-heading\" data-id=\"695a016\" data-element_type=\"widget\" data-widget_type=\"heading.default\">\n\t\t\t\t<div class=\"elementor-widget-container\">\n\t\t\t<h1 class=\"elementor-heading-title elementor-size-xl\">WHY3C, R\u00e9v\u00e9lateur d'identit\u00e9 pour faire sens et diff\u00e9rence dans tous vos projets!<\/h1>\t\t<\/div>\n\t\t\t\t<\/div>\n\t\t\t\t\t\t<\/div>\n\t\t\t\t\t<\/div>\n\t\t<\/div>\n\t\t\t\t\t\t\t\t<\/div>\n\t\t\t\t\t<\/div>\n\t\t<\/section>\n\t\t\t\t<section class=\"elementor-section elementor-top-section elementor-element elementor-element-adf0d00 elementor-section-boxed elementor-section-height-default elementor-section-height-default\" data-id=\"adf0d00\" data-element_type=\"section\">\n\t\t\t\t\t\t<div class=\"elementor-container elementor-column-gap-default\">\n\t\t\t\t\t\t\t<div class=\"elementor-row\">\n\t\t\t\t\t<div class=\"elementor-column elementor-col-25 elementor-top-column elementor-element elementor-element-dafeda0\" data-id=\"dafeda0\" data-element_type=\"column\">\n\t\t\t<div class=\"elementor-column-wrap elementor-element-populated\">\n\t\t\t\t\t\t\t<div class=\"elementor-widget-wrap\">\n\t\t\t\t\t\t<div class=\"elementor-element elementor-element-03cb5bb elementor-flip-box--effect-flip elementor-flip-box--direction-up elementor-widget elementor-widget-flip-box\" data-id=\"03cb5bb\" data-element_type=\"widget\" data-widget_type=\"flip-box.default\">\n\t\t\t\t<div class=\"elementor-widget-container\">\n\t\t\t\t\t<div class=\"elementor-flip-box\">\n\t\t\t<div class=\"elementor-flip-box__layer elementor-flip-box__front\">\n\t\t\t\t<div class=\"elementor-flip-box__layer__overlay\">\n\t\t\t\t\t<div class=\"elementor-flip-box__layer__inner\">\n\t\t\t\t\t\t\t\t\t\t\t\t\t<div class=\"elementor-icon-wrapper elementor-view-default\">\n\t\t\t\t\t\t\t\t<div class=\"elementor-icon\">\n\t\t\t\t\t\t\t\t\t<i class=\"fas fa-globe-africa\"><\/i>\t\t\t\t\t\t\t\t<\/div>\n\t\t\t\t\t\t\t<\/div>\n\t\t\t\t\t\t\n\t\t\t\t\t\t\t\t\t\t\t\t\t<h3 class=\"elementor-flip-box__layer__title\">\n\t\t\t\t\t\t\t\t#CITE TRANSITION\t\t\t\t\t\t\t<\/h3>\n\t\t\t\t\t\t\n\t\t\t\t\t\t\t\t\t\t\t\t\t<div class=\"elementor-flip-box__layer__description\">\n\t\t\t\t\t\t\t\tPour transformer les activit\u00e9s \u00e9conomiques d'aujourd'hui en mod\u00e8les r\u00e9silients face aux mutations et respectueux de tous les vivants par l'accompagnement \u00e0 la mont\u00e9e en comp\u00e9tences, la transformation individuelle et collective,  une r\u00e9flexion globale avec mise en oeuvre progressive  pour un changement en coh\u00e9rence\t\t\t\t\t\t\t<\/div>\n\t\t\t\t\t\t\t\t\t\t\t<\/div>\n\t\t\t\t<\/div>\n\t\t\t<\/div>\n\t\t\t<a class=\"elementor-flip-box__layer elementor-flip-box__back\" href=\"https:\/\/why3c.fr\/index.php\/objectif-transition-reussie\/\">\n\t\t\t<div class=\"elementor-flip-box__layer__overlay\">\n\t\t\t\t<div class=\"elementor-flip-box__layer__inner\">\n\t\t\t\t\t\t\t\t\t\t\t<h3 class=\"elementor-flip-box__layer__title\">\n\t\t\t\t\t\t\tDiverses options\t\t\t\t\t\t<\/h3>\n\t\t\t\t\t\n\t\t\t\t\t\t\t\t\t\t\t<div class=\"elementor-flip-box__layer__description\">\n\t\t\t\t\t\t\tAvec notre collectif experts transition nous proposons  :  parcours pour les dirigeants, accompagnement en intra,  journ\u00e9e en entreprise de partage de vision et coconstruction  en version sensibilisation \u00e9galement ...formation des charg\u00e9s d'accompagnement en structure, accompagnement individuel,...\t\t\t\t\t\t<\/div>\n\t\t\t\t\t\n\t\t\t\t\t\t\t\t<\/div>\n\t\t<\/div>\n\t\t<\/a>\n\t\t<\/div>\n\t\t\t\t<\/div>\n\t\t\t\t<\/div>\n\t\t\t\t\t\t<\/div>\n\t\t\t\t\t<\/div>\n\t\t<\/div>\n\t\t\t\t<div class=\"elementor-column elementor-col-25 elementor-top-column elementor-element elementor-element-b39b267\" data-id=\"b39b267\" data-element_type=\"column\">\n\t\t\t<div class=\"elementor-column-wrap elementor-element-populated\">\n\t\t\t\t\t\t\t<div class=\"elementor-widget-wrap\">\n\t\t\t\t\t\t<div class=\"elementor-element elementor-element-518b107 elementor-flip-box--effect-flip elementor-flip-box--direction-up elementor-widget elementor-widget-flip-box\" data-id=\"518b107\" data-element_type=\"widget\" data-widget_type=\"flip-box.default\">\n\t\t\t\t<div class=\"elementor-widget-container\">\n\t\t\t\t\t<div class=\"elementor-flip-box\">\n\t\t\t<div class=\"elementor-flip-box__layer elementor-flip-box__front\">\n\t\t\t\t<div class=\"elementor-flip-box__layer__overlay\">\n\t\t\t\t\t<div class=\"elementor-flip-box__layer__inner\">\n\t\t\t\t\t\t\t\t\t\t\t\t\t<div class=\"elementor-icon-wrapper elementor-view-default\">\n\t\t\t\t\t\t\t\t<div class=\"elementor-icon\">\n\t\t\t\t\t\t\t\t\t<i class=\"fas fa-users\"><\/i>\t\t\t\t\t\t\t\t<\/div>\n\t\t\t\t\t\t\t<\/div>\n\t\t\t\t\t\t\n\t\t\t\t\t\t\t\t\t\t\t\t\t<h3 class=\"elementor-flip-box__layer__title\">\n\t\t\t\t\t\t\t\t#CITE ENTREPRENEUR A IMPACT\t\t\t\t\t\t\t<\/h3>\n\t\t\t\t\t\t\n\t\t\t\t\t\t\t\t\t\t\t\t\t<div class=\"elementor-flip-box__layer__description\">\n\t\t\t\t\t\t\t\tPour faire monter en comp\u00e9tences et accompagner les porteurs.euses de projet qui souhaitent cr\u00e9er des impacts positifs par leur activit\u00e9\t\t\t\t\t\t\t<\/div>\n\t\t\t\t\t\t\t\t\t\t\t<\/div>\n\t\t\t\t<\/div>\n\t\t\t<\/div>\n\t\t\t<a class=\"elementor-flip-box__layer elementor-flip-box__back\" href=\"https:\/\/why3c.fr\/index.php\/why-entreprendre\/\">\n\t\t\t<div class=\"elementor-flip-box__layer__overlay\">\n\t\t\t\t<div class=\"elementor-flip-box__layer__inner\">\n\t\t\t\t\t\t\t\t\t\t\t<h3 class=\"elementor-flip-box__layer__title\">\n\t\t\t\t\t\t\tPorteur ou structures accompagnement\t\t\t\t\t\t<\/h3>\n\t\t\t\t\t\n\t\t\t\t\t\t\t\t\t\t\t<div class=\"elementor-flip-box__layer__description\">\n\t\t\t\t\t\t\tUn parcours de formation action et \/ou des modules pour une mont\u00e9e en comp\u00e9tences en travaillant sur la mise en oeuvre du projet.  Raison d'\u00eatre , posture ,  cr\u00e9ation d' \u00e9cosyst\u00e8mes r\u00e9silients,  revisiter les chaines de valeur, identifier les indicateurs clefs d'impact ...\n\t\t\t\t\t\t<\/div>\n\t\t\t\t\t\n\t\t\t\t\t\t\t\t<\/div>\n\t\t<\/div>\n\t\t<\/a>\n\t\t<\/div>\n\t\t\t\t<\/div>\n\t\t\t\t<\/div>\n\t\t\t\t<div class=\"elementor-element elementor-element-f79055a elementor-widget elementor-widget-text-editor\" data-id=\"f79055a\" data-element_type=\"widget\" data-widget_type=\"text-editor.default\">\n\t\t\t\t<div class=\"elementor-widget-container\">\n\t\t\t\t\t<div class=\"elementor-text-editor elementor-clearfix\"><\/div>\n\t\t\t\t<\/div>\n\t\t\t\t<\/div>\n\t\t\t\t\t\t<\/div>\n\t\t\t\t\t<\/div>\n\t\t<\/div>\n\t\t\t\t<div class=\"elementor-column elementor-col-25 elementor-top-column elementor-element elementor-element-ae08158\" data-id=\"ae08158\" data-element_type=\"column\">\n\t\t\t<div class=\"elementor-column-wrap elementor-element-populated\">\n\t\t\t\t\t\t\t<div class=\"elementor-widget-wrap\">\n\t\t\t\t\t\t<div class=\"elementor-element elementor-element-2e07cb7 elementor-flip-box--effect-flip elementor-flip-box--direction-up elementor-widget elementor-widget-flip-box\" data-id=\"2e07cb7\" data-element_type=\"widget\" data-widget_type=\"flip-box.default\">\n\t\t\t\t<div class=\"elementor-widget-container\">\n\t\t\t\t\t<div class=\"elementor-flip-box\">\n\t\t\t<div class=\"elementor-flip-box__layer elementor-flip-box__front\">\n\t\t\t\t<div class=\"elementor-flip-box__layer__overlay\">\n\t\t\t\t\t<div class=\"elementor-flip-box__layer__inner\">\n\t\t\t\t\t\t\t\t\t\t\t\t\t<div class=\"elementor-icon-wrapper elementor-view-default\">\n\t\t\t\t\t\t\t\t<div class=\"elementor-icon\">\n\t\t\t\t\t\t\t\t\t<i class=\"fas fa-spa\"><\/i>\t\t\t\t\t\t\t\t<\/div>\n\t\t\t\t\t\t\t<\/div>\n\t\t\t\t\t\t\n\t\t\t\t\t\t\t\t\t\t\t\t\t<h3 class=\"elementor-flip-box__layer__title\">\n\t\t\t\t\t\t\t\t#CITE SANTE DIRIGEANT.E\t\t\t\t\t\t\t<\/h3>\n\t\t\t\t\t\t\n\t\t\t\t\t\t\t\t\t\t\t\t\t<div class=\"elementor-flip-box__layer__description\">\n\t\t\t\t\t\t\t\tD\u00e9velopper une sant\u00e9 positive pour moi, mes \u00e9quipes et l'entreprise. Performance et sant\u00e9, une combinaison gagnante pour tous\t\t\t\t\t\t\t<\/div>\n\t\t\t\t\t\t\t\t\t\t\t<\/div>\n\t\t\t\t<\/div>\n\t\t\t<\/div>\n\t\t\t<a class=\"elementor-flip-box__layer elementor-flip-box__back\" href=\"https:\/\/why3c.fr\/index.php\/reconversion\/\">\n\t\t\t<div class=\"elementor-flip-box__layer__overlay\">\n\t\t\t\t<div class=\"elementor-flip-box__layer__inner\">\n\t\t\t\t\t\t\t\t\t\t\t<h3 class=\"elementor-flip-box__layer__title\">\n\t\t\t\t\t\t\tLeaders, managers, RH, entreprises, structures accompagnement\t\t\t\t\t\t<\/h3>\n\t\t\t\t\t\n\t\t\t\t\t\t\t\t\t\t\t<div class=\"elementor-flip-box__layer__description\">\n\t\t\t\t\t\t\tOffrez vous le temps d'une pause pour en gagner et pr\u00e9server, d\u00e9multiplier vos possibilit\u00e9s de sant\u00e9 pour vous et vos \u00e9quipes : des ateliers collectifs th\u00e9matiques  pour partager bonnes pratiques et des accompagnements individuels\t\t\t\t\t\t<\/div>\n\t\t\t\t\t\n\t\t\t\t\t\t\t\t<\/div>\n\t\t<\/div>\n\t\t<\/a>\n\t\t<\/div>\n\t\t\t\t<\/div>\n\t\t\t\t<\/div>\n\t\t\t\t\t\t<\/div>\n\t\t\t\t\t<\/div>\n\t\t<\/div>\n\t\t\t\t<div class=\"elementor-column elementor-col-25 elementor-top-column elementor-element elementor-element-49ef91a\" data-id=\"49ef91a\" data-element_type=\"column\">\n\t\t\t<div class=\"elementor-column-wrap elementor-element-populated\">\n\t\t\t\t\t\t\t<div class=\"elementor-widget-wrap\">\n\t\t\t\t\t\t<div class=\"elementor-element elementor-element-39bafbd elementor-widget__width-inherit elementor-flip-box--effect-flip elementor-flip-box--direction-up elementor-widget elementor-widget-flip-box\" data-id=\"39bafbd\" data-element_type=\"widget\" data-widget_type=\"flip-box.default\">\n\t\t\t\t<div class=\"elementor-widget-container\">\n\t\t\t\t\t<div class=\"elementor-flip-box\">\n\t\t\t<div class=\"elementor-flip-box__layer elementor-flip-box__front\">\n\t\t\t\t<div class=\"elementor-flip-box__layer__overlay\">\n\t\t\t\t\t<div class=\"elementor-flip-box__layer__inner\">\n\t\t\t\t\t\t\t\t\t\t\t\t\t<div class=\"elementor-icon-wrapper elementor-view-default\">\n\t\t\t\t\t\t\t\t<div class=\"elementor-icon\">\n\t\t\t\t\t\t\t\t\t<i class=\"fas fa-graduation-cap\"><\/i>\t\t\t\t\t\t\t\t<\/div>\n\t\t\t\t\t\t\t<\/div>\n\t\t\t\t\t\t\n\t\t\t\t\t\t\t\t\t\t\t\t\t<h3 class=\"elementor-flip-box__layer__title\">\n\t\t\t\t\t\t\t\t#CITE ETUDIANT\t\t\t\t\t\t\t<\/h3>\n\t\t\t\t\t\t\n\t\t\t\t\t\t\t\t\t\t\t\t\t<div class=\"elementor-flip-box__layer__description\">\n\t\t\t\t\t\t\t\t\nUn projet professionnel de sens et align\u00e9 \t\t\t\t\t\t\t<\/div>\n\t\t\t\t\t\t\t\t\t\t\t<\/div>\n\t\t\t\t<\/div>\n\t\t\t<\/div>\n\t\t\t<a class=\"elementor-flip-box__layer elementor-flip-box__back\" href=\"https:\/\/why3c.fr\/index.php\/coaching-etudes\/\">\n\t\t\t<div class=\"elementor-flip-box__layer__overlay\">\n\t\t\t\t<div class=\"elementor-flip-box__layer__inner\">\n\t\t\t\t\t\n\t\t\t\t\t\t\t\t\t\t\t<div class=\"elementor-flip-box__layer__description\">\n\t\t\t\t\t\t\tOffre \u00e0 la fois \u00e0 destination des structures d'enseignements et universitaires pour la mont\u00e9e en comp\u00e9tences des \u00e9tudiants sur les th\u00e9matiques de l'entrepreneuriat \u00e0 IMPACT (cr\u00e9ation, transition, posture ) et offre \u00e0 destination des jeunes pour un accompagnement \u00e0 l'orientation (transformer des app\u00e9tences m\u00e9tiers en choix acad\u00e9miques, sp\u00e9, ...) \t\t\t\t\t\t<\/div>\n\t\t\t\t\t\n\t\t\t\t\t\t\t\t<\/div>\n\t\t<\/div>\n\t\t<\/a>\n\t\t<\/div>\n\t\t\t\t<\/div>\n\t\t\t\t<\/div>\n\t\t\t\t\t\t<\/div>\n\t\t\t\t\t<\/div>\n\t\t<\/div>\n\t\t\t\t\t\t\t\t<\/div>\n\t\t\t\t\t<\/div>\n\t\t<\/section>\n\t\t\t\t<section class=\"elementor-section elementor-top-section elementor-element elementor-element-26e5d25 elementor-section-boxed elementor-section-height-default elementor-section-height-default\" data-id=\"26e5d25\" data-element_type=\"section\" data-settings=\"{&quot;background_background&quot;:&quot;classic&quot;}\">\n\t\t\t\t\t\t<div class=\"elementor-container elementor-column-gap-default\">\n\t\t\t\t\t\t\t<div class=\"elementor-row\">\n\t\t\t\t\t<div class=\"elementor-column elementor-col-100 elementor-top-column elementor-element elementor-element-e8c1c93\" data-id=\"e8c1c93\" data-element_type=\"column\">\n\t\t\t<div class=\"elementor-column-wrap elementor-element-populated\">\n\t\t\t\t\t\t\t<div class=\"elementor-widget-wrap\">\n\t\t\t\t\t\t<div class=\"elementor-element elementor-element-55bf1ad elementor-widget elementor-widget-text-editor\" data-id=\"55bf1ad\" data-element_type=\"widget\" data-widget_type=\"text-editor.default\">\n\t\t\t\t<div class=\"elementor-widget-container\">\n\t\t\t\t\t<div class=\"elementor-text-editor elementor-clearfix\"><h1 style=\"text-align: center;\">WHY<i>3C<\/i>&nbsp;, DONNER DU SENS A VOTRE ACTIVITE PROFESSIONNELLE<\/h1>\n<h5>&nbsp;<\/h5>\n<h1 style=\"text-align: center;\"><span style=\"font-family: Roboto, sans-serif; font-size: 28px; color: var( --e-global-color-text );\">Avec WHY 3C, faites de votre identit\u00e9 une force, d\u00e9veloppez, construisez et d\u00e9fendez vos projets pour cr\u00e9er de l&#8217;impact positif pour vous, vos parties prenantes et la plan\u00e8te !<\/span><\/h1>\n<h5 style=\"text-align: center;\">Mieux se conna\u00eetre, conna\u00eetre les autres et son environnement, faire des choix \u00e9clair\u00e9s et pouvoir convaincre, pour des projets et entreprises robustes et align\u00e9s !<\/h5>\n<div>&nbsp;<\/div><\/div>\n\t\t\t\t<\/div>\n\t\t\t\t<\/div>\n\t\t\t\t\t\t<\/div>\n\t\t\t\t\t<\/div>\n\t\t<\/div>\n\t\t\t\t\t\t\t\t<\/div>\n\t\t\t\t\t<\/div>\n\t\t<\/section>\n\t\t\t\t<section class=\"elementor-section elementor-top-section elementor-element elementor-element-a6257d0 elementor-section-boxed elementor-section-height-default elementor-section-height-default\" data-id=\"a6257d0\" data-element_type=\"section\">\n\t\t\t\t\t\t<div class=\"elementor-container elementor-column-gap-default\">\n\t\t\t\t\t\t\t<div class=\"elementor-row\">\n\t\t\t\t\t<div class=\"elementor-column elementor-col-100 elementor-top-column elementor-element elementor-element-32e3ad3\" data-id=\"32e3ad3\" data-element_type=\"column\">\n\t\t\t<div class=\"elementor-column-wrap elementor-element-populated\">\n\t\t\t\t\t\t\t<div class=\"elementor-widget-wrap\">\n\t\t\t\t\t\t<div class=\"elementor-element elementor-element-f496a2d elementor-widget elementor-widget-heading\" data-id=\"f496a2d\" data-element_type=\"widget\" data-widget_type=\"heading.default\">\n\t\t\t\t<div class=\"elementor-widget-container\">\n\t\t\t<h2 class=\"elementor-heading-title elementor-size-default\">NOS ACTUS<\/h2>\t\t<\/div>\n\t\t\t\t<\/div>\n\t\t\t\t<div class=\"elementor-element elementor-element-f49b03b elementor--h-position-center elementor--v-position-middle elementor-arrows-position-inside elementor-pagination-position-inside elementor-widget elementor-widget-slides\" data-id=\"f49b03b\" data-element_type=\"widget\" data-settings=\"{&quot;navigation&quot;:&quot;both&quot;,&quot;autoplay&quot;:&quot;yes&quot;,&quot;pause_on_hover&quot;:&quot;yes&quot;,&quot;pause_on_interaction&quot;:&quot;yes&quot;,&quot;autoplay_speed&quot;:5000,&quot;infinite&quot;:&quot;yes&quot;,&quot;transition&quot;:&quot;slide&quot;,&quot;transition_speed&quot;:500}\" data-widget_type=\"slides.default\">\n\t\t\t\t<div class=\"elementor-widget-container\">\n\t\t\t\t\t<div class=\"elementor-swiper\">\n\t\t\t<div class=\"elementor-slides-wrapper elementor-main-swiper swiper-container\" dir=\"ltr\" data-animation=\"fadeInUp\">\n\t\t\t\t<div class=\"swiper-wrapper elementor-slides\">\n\t\t\t\t\t<div class=\"elementor-repeater-item-b9b9461 swiper-slide\"><div class=\"swiper-slide-bg\"><\/div><a class=\"swiper-slide-inner\" href=\"https:\/\/why3c.fr\/index.php\/entrepreneurs\/\"><div class=\"swiper-slide-contents\"><div class=\"elementor-slide-heading\">NOTRE PRESENCE A LA PLACE CREATIVE LE 03 D\u00e9cembre 2025 POUR ECHANGER AVEC VOUS, VOUS PASSEZ NOUS VOIR ?<\/div><div class=\"elementor-slide-description\">Chaque ann\u00e9e nous participons \u00e0 l'\u00e9v\u00e8nement phare de l'\u00e9cosyst\u00e8me entrepreneurial organis\u00e9 par la CCI H\u00e9rault, l'occasion de vous rencontrer porteurs.euses de projet, de vous conseiller et proposer nos services ou de vous orienter vers nos partenaires pr\u00e9sents ce jour l\u00e0, de pouvoir aussi faire communaut\u00e9 et \u00e9changer avec vous et tous nos comp\u00e8res de l'\u00e9cosyst\u00e8me entrepreneurial pour vous offrir toujours plus de services compl\u00e9mentaires, utiles et en lien avec nos expertises <\/div><div  class=\"elementor-button elementor-slide-button elementor-size-sm\">D\u00e9couvrez notre parcours Cr\u00e9ateur \u00e0 Impact<\/div><\/div><\/a><\/div><div class=\"elementor-repeater-item-7e8221d swiper-slide\"><div class=\"swiper-slide-bg\"><\/div><a class=\"swiper-slide-inner\" href=\"https:\/\/why3c.fr\/index.php\/entrepreneurs\/\"><div class=\"swiper-slide-contents\"><div class=\"elementor-slide-heading\">PARCOURS \"CITE ENTREPRENEUR\" PROMO 6, C'EST PARTI<\/div><div class=\"elementor-slide-description\">Deadline  17 novembre 2025 pour s'inscrire \u00e0  la prochaine promo du parcours  \" 9 \u00e9tapes pour cr\u00e9er un projet \u00e0 IMPACT\". Hyper concret et con\u00e7u pour \u00eatre r\u00e9alis\u00e9 en parall\u00e8le de son projet ou d'une activit\u00e9  professionnelle (2j\/mois, sur 9 mois), le parcours permet de se former tout en \u00e9tant accompagn\u00e9 dans la concr\u00e9tisation de son projet entrepreneurial , pour faire le grand saut en toute s\u00e9curit\u00e9! Notre marque de fabrique: l'accompagnement de tous ceux qui souhaitent cr\u00e9er en donnant  sens \u00e0 l'action entrepreneuriale pour eux, pour les autres et pour la plan\u00e8te, acteur d'un monde meilleur, rejoignez Why3C<\/div><div  class=\"elementor-button elementor-slide-button elementor-size-sm\">D\u00e9couvrir  et s'inscrire<\/div><\/div><\/a><\/div><div class=\"elementor-repeater-item-95ac7b1 swiper-slide\"><div class=\"swiper-slide-bg\"><\/div><a class=\"swiper-slide-inner\" href=\"https:\/\/docs.google.com\/forms\/d\/e\/1FAIpQLSftixduDMV7UPBupDXsny9zuZVFy8Pu3Gjhaf8pK8GUREon9A\/viewform?usp=header\"><div class=\"swiper-slide-contents\"><div class=\"elementor-slide-heading\">Inscrivez vous au dernier jour de formation de l'ann\u00e9e 2025 : Intelligence \u00e9motionnelle , un atout dans vos relations professionnelles<\/div><div class=\"elementor-slide-description\">On cl\u00f4ture le programme de l'ann\u00e9e 2025, le 17 d\u00e9cembre avec une th\u00e9matique embl\u00e9matique de l'ann\u00e9e , l'intelligence \u00e9motionnelle ! \nLes derni\u00e8res \u00e9tudes montrent que :  elle am\u00e9liore la satisfaction client, l\u2019engagement collaborateur et la #rentabilit\u00e9 (MIT)\n==>90 % des top performers (dirigeants\/ managers) \u00e9valu\u00e9s pr\u00e9sentent un haut niveau d\u2019intelligence \u00e9motionnelle (HBR)\n==>les salari\u00e9s ayant une forte conscience \u00e9motionnelle rapportent un bien-\u00eatre accru, une baisse de l\u2019absent\u00e9isme et une meilleure performance individuelle (Yale)\n==>les dirigeants qui ont d\u00e9velopp\u00e9s leur Quotient Emotionnel ont une influence plus marquante sur la culture d\u2019entreprise (Forbes)\n\nC\u2019est plus qu\u2019une comp\u00e9tence : c\u2019est un levier de leadership et de r\u00e9silience.<\/div><div  class=\"elementor-button elementor-slide-button elementor-size-sm\">D\u00e9couvrez le parcours et candidatez<\/div><\/div><\/a><\/div>\t\t\t\t<\/div>\n\t\t\t\t\t\t\t\t\t\t\t\t\t\t\t<div class=\"swiper-pagination\"><\/div>\n\t\t\t\t\t\t\t\t\t\t\t\t\t\t\t\t<div class=\"elementor-swiper-button elementor-swiper-button-prev\">\n\t\t\t\t\t\t\t<i class=\"eicon-chevron-left\" aria-hidden=\"true\"><\/i>\n\t\t\t\t\t\t\t<span class=\"elementor-screen-only\">Previous<\/span>\n\t\t\t\t\t\t<\/div>\n\t\t\t\t\t\t<div class=\"elementor-swiper-button elementor-swiper-button-next\">\n\t\t\t\t\t\t\t<i class=\"eicon-chevron-right\" aria-hidden=\"true\"><\/i>\n\t\t\t\t\t\t\t<span class=\"elementor-screen-only\">Next<\/span>\n\t\t\t\t\t\t<\/div>\n\t\t\t\t\t\t\t\t\t\t\t\t<\/div>\n\t\t<\/div>\n\t\t\t\t<\/div>\n\t\t\t\t<\/div>\n\t\t\t\t\t\t<\/div>\n\t\t\t\t\t<\/div>\n\t\t<\/div>\n\t\t\t\t\t\t\t\t<\/div>\n\t\t\t\t\t<\/div>\n\t\t<\/section>\n\t\t\t\t<section class=\"elementor-section elementor-top-section elementor-element elementor-element-6d2616b elementor-section-boxed elementor-section-height-default elementor-section-height-default\" data-id=\"6d2616b\" data-element_type=\"section\">\n\t\t\t\t\t\t<div class=\"elementor-container elementor-column-gap-default\">\n\t\t\t\t\t\t\t<div class=\"elementor-row\">\n\t\t\t\t\t<div class=\"elementor-column elementor-col-100 elementor-top-column elementor-element elementor-element-6d21fc8\" data-id=\"6d21fc8\" data-element_type=\"column\">\n\t\t\t<div class=\"elementor-column-wrap\">\n\t\t\t\t\t\t\t<div class=\"elementor-widget-wrap\">\n\t\t\t\t\t\t\t\t<\/div>\n\t\t\t\t\t<\/div>\n\t\t<\/div>\n\t\t\t\t\t\t\t\t<\/div>\n\t\t\t\t\t<\/div>\n\t\t<\/section>\n\t\t\t\t\t\t<\/div>\n\t\t\t\t\t\t<\/div>\n\t\t\t\t\t<\/div>\n\t\t","protected":false},"excerpt":{"rendered":"<p>WHY3C, R\u00e9v\u00e9lateur d&#8217;identit\u00e9 pour faire sens et diff\u00e9rence dans tous vos projets! #CITE TRANSITION Pour transformer les activit\u00e9s \u00e9conomiques d&#8217;aujourd&#8217;hui en mod\u00e8les r\u00e9silients face aux mutations et respectueux de tous les vivants par l&#8217;accompagnement \u00e0 la mont\u00e9e en comp\u00e9tences, la transformation individuelle et collective, une r\u00e9flexion globale avec mise en oeuvre progressive pour un changement [&hellip;]<\/p>\n","protected":false},"author":1,"featured_media":183,"parent":0,"menu_order":0,"comment_status":"closed","ping_status":"closed","template":"","meta":{"pmpro_default_level":0},"_links":{"self":[{"href":"https:\/\/why3c.fr\/index.php\/wp-json\/wp\/v2\/pages\/412"}],"collection":[{"href":"https:\/\/why3c.fr\/index.php\/wp-json\/wp\/v2\/pages"}],"about":[{"href":"https:\/\/why3c.fr\/index.php\/wp-json\/wp\/v2\/types\/page"}],"author":[{"embeddable":true,"href":"https:\/\/why3c.fr\/index.php\/wp-json\/wp\/v2\/users\/1"}],"replies":[{"embeddable":true,"href":"https:\/\/why3c.fr\/index.php\/wp-json\/wp\/v2\/comments?post=412"}],"version-history":[{"count":163,"href":"https:\/\/why3c.fr\/index.php\/wp-json\/wp\/v2\/pages\/412\/revisions"}],"predecessor-version":[{"id":3185,"href":"https:\/\/why3c.fr\/index.php\/wp-json\/wp\/v2\/pages\/412\/revisions\/3185"}],"wp:featuredmedia":[{"embeddable":true,"href":"https:\/\/why3c.fr\/index.php\/wp-json\/wp\/v2\/media\/183"}],"wp:attachment":[{"href":"https:\/\/why3c.fr\/index.php\/wp-json\/wp\/v2\/media?parent=412"}],"curies":[{"name":"wp","href":"https:\/\/api.w.org\/{rel}","templated":true}]}}